{"id":12432,"date":"2017-07-03T12:12:13","date_gmt":"2017-07-03T12:12:13","guid":{"rendered":"https:\/\/jumpberlin.com\/?page_id=12432"},"modified":"2017-07-06T06:31:39","modified_gmt":"2017-07-06T06:31:39","slug":"impressum","status":"publish","type":"page","link":"https:\/\/jumpberlin.com\/de\/impressum\/","title":{"rendered":"Impressum"},"content":{"rendered":"<p>heckerconsult<br \/>\nDipl. Kfm. J\u00f6rg Hecker<br \/>\nBergmannstr. 68<br \/>\n10961 Berlin<\/p>\n<p>Tel.: +49 (0)30 \u2013 68 00 78 37<br \/>\nFax: +49 (0)30 \u2013 68 00 78 41<\/p>\n<p>Inhaber:<br \/>\nJ\u00f6rg Hecker<\/p>\n<p>Internet:<br \/>\nwww.heckerconsult.com<\/p>\n<p>E-Mail:<br \/>\ninfo@jumpberlin.com<\/p>\n<p>Rechtliche Hinweise<br \/>\nRechtliches zum Thema Links<br \/>\nDas Landgericht Hamburg hat mit Urteil vom 12.05.1998 entschieden, dass man durch die Ausbringung eines Links die Inhalte der gelinkten Seite ggf. mit zu verantworten hat. Dies kann \u2013 so das LG \u2013 nur dadurch verhindert werden, dass man sich ausdr\u00fccklich von diesen Inhalten distanziert.<\/p>\n<p>Haftungsausschluss<br \/>\nWir haben auf dieser Seite Links zu anderen Seiten im Internet gelegt. Wir betonen ausdr\u00fccklich, dass wir keinerlei Einfluss auf die Gestaltung und die Inhalte der gelinkten Seiten haben. Deshalb distanzieren wir uns hiermit ausdr\u00fccklich von allen Inhalten jeglicher verlinkten Seiten auf dieser gesamten Website inkl. aller Unterseiten.<\/p>\n<p>Diese Erkl\u00e4rung gilt f\u00fcr alle auf dieser Homepage ausgebrachten Links und f\u00fcr alle Inhalte der Seiten, zu denen Links oder Banner f\u00fchren.<\/p>\n<p>Datenschutz<br \/>\nIhre E-Mails und die online versendbaren Formulare werden ohne zus\u00e4tzliche Verschl\u00fcsselungstechniken weitergeleitet. Alle gesendeten Informationen k\u00f6nnen daher unter Umst\u00e4nden w\u00e4hrend der \u00dcbermittlung von Dritten eingesehen werden.<\/p>\n<p>Aktualisierung und Haftung<br \/>\nWir sind bem\u00fcht, f\u00fcr die Richtigkeit und Aktualit\u00e4t aller auf dieser Website enthaltenen Informationen und Daten zu sorgen. Eine Haftung oder Garantie f\u00fcr die Aktualit\u00e4t, Richtigkeit und Vollst\u00e4ndigkeit der zur Verf\u00fcgung gestellten Informationen und Daten ist jedoch ausgeschlossen. In keinem Fall wird f\u00fcr Sch\u00e4den, die sich aus der Verwendung der abgerufenen Informationen ergeben, eine Haftung \u00fcbernommen.<\/p>\n<p>Wir behalten uns vor, ohne Ank\u00fcndigung \u00c4nderungen oder Erg\u00e4nzungen der bereitgestellten Informationen oder Daten vorzunehmen.<\/p>\n","protected":false},"excerpt":{"rendered":"<p>heckerconsult Dipl. Kfm. J\u00f6rg Hecker Bergmannstr. 68 10961 Berlin Tel.: +49 (0)30 \u2013 68 00 78 37 Fax: +49 (0)30 \u2013 68 00 78 41 Inhaber: J\u00f6rg Hecker Internet: www.heckerconsult.com E-Mail: info@jumpberlin.com Rechtliche Hinweise Rechtliches zum Thema Links Das Landgericht Hamburg hat mit Urteil vom 12.05.1998 entschieden, dass man durch die Ausbringung eines Links die [&hellip;]<\/p>\n","protected":false},"author":1,"featured_media":0,"parent":0,"menu_order":0,"comment_status":"closed","ping_status":"closed","template":"","meta":{"footnotes":""},"class_list":["post-12432","page","type-page","status-publish","hentry"],"yoast_head":"<!-- This site is optimized with the Yoast SEO plugin v27.2 - https:\/\/yoast.com\/product\/yoast-seo-wordpress\/ -->\n<title>Impressum | Jump Berlin<\/title>\n<meta name=\"robots\" content=\"index, follow, max-snippet:-1, max-image-preview:large, max-video-preview:-1\" \/>\n<link rel=\"canonical\" href=\"https:\/\/jumpberlin.com\/impressum\/\" \/>\n<meta property=\"og:locale\" content=\"de_DE\" \/>\n<meta property=\"og:type\" content=\"article\" \/>\n<meta property=\"og:title\" content=\"Impressum | Jump Berlin\" \/>\n<meta property=\"og:description\" content=\"heckerconsult Dipl. Kfm. J\u00f6rg Hecker Bergmannstr. 68 10961 Berlin Tel.: +49 (0)30 \u2013 68 00 78 37 Fax: +49 (0)30 \u2013 68 00 78 41 Inhaber: J\u00f6rg Hecker Internet: www.heckerconsult.com E-Mail: info@jumpberlin.com Rechtliche Hinweise Rechtliches zum Thema Links Das Landgericht Hamburg hat mit Urteil vom 12.05.1998 entschieden, dass man durch die Ausbringung eines Links die [&hellip;]\" \/>\n<meta property=\"og:url\" content=\"https:\/\/jumpberlin.com\/impressum\/\" \/>\n<meta property=\"og:site_name\" content=\"Jump Berlin\" \/>\n<meta property=\"article:publisher\" content=\"https:\/\/www.facebook.com\/jumpberlincom\" \/>\n<meta property=\"article:modified_time\" content=\"2017-07-06T06:31:39+00:00\" \/>\n<meta name=\"twitter:card\" content=\"summary_large_image\" \/>\n<meta name=\"twitter:site\" content=\"@jumpberlin\" \/>\n<meta name=\"twitter:label1\" content=\"Gesch\u00e4tzte Lesezeit\" \/>\n\t<meta name=\"twitter:data1\" content=\"1\u00a0Minute\" \/>\n<script type=\"application\/ld+json\" class=\"yoast-schema-graph\">{\"@context\":\"https:\/\/schema.org\",\"@graph\":[{\"@type\":\"WebPage\",\"@id\":\"https:\/\/jumpberlin.com\/impressum\/\",\"url\":\"https:\/\/jumpberlin.com\/impressum\/\",\"name\":\"Impressum | Jump Berlin\",\"isPartOf\":{\"@id\":\"https:\/\/jumpberlin.com\/en\/#website\"},\"datePublished\":\"2017-07-03T12:12:13+00:00\",\"dateModified\":\"2017-07-06T06:31:39+00:00\",\"breadcrumb\":{\"@id\":\"https:\/\/jumpberlin.com\/impressum\/#breadcrumb\"},\"inLanguage\":\"de\",\"potentialAction\":[{\"@type\":\"ReadAction\",\"target\":[\"https:\/\/jumpberlin.com\/impressum\/\"]}]},{\"@type\":\"BreadcrumbList\",\"@id\":\"https:\/\/jumpberlin.com\/impressum\/#breadcrumb\",\"itemListElement\":[{\"@type\":\"ListItem\",\"position\":1,\"name\":\"Home\",\"item\":\"https:\/\/jumpberlin.com\/entdecke-berlin\/\"},{\"@type\":\"ListItem\",\"position\":2,\"name\":\"Impressum\"}]},{\"@type\":\"WebSite\",\"@id\":\"https:\/\/jumpberlin.com\/en\/#website\",\"url\":\"https:\/\/jumpberlin.com\/en\/\",\"name\":\"Jump Berlin\",\"description\":\"Berlin City Guide\",\"potentialAction\":[{\"@type\":\"SearchAction\",\"target\":{\"@type\":\"EntryPoint\",\"urlTemplate\":\"https:\/\/jumpberlin.com\/en\/?s={search_term_string}\"},\"query-input\":{\"@type\":\"PropertyValueSpecification\",\"valueRequired\":true,\"valueName\":\"search_term_string\"}}],\"inLanguage\":\"de\"}]}<\/script>\n<!-- \/ Yoast SEO plugin. -->","yoast_head_json":{"title":"Impressum | Jump Berlin","robots":{"index":"index","follow":"follow","max-snippet":"max-snippet:-1","max-image-preview":"max-image-preview:large","max-video-preview":"max-video-preview:-1"},"canonical":"https:\/\/jumpberlin.com\/impressum\/","og_locale":"de_DE","og_type":"article","og_title":"Impressum | Jump Berlin","og_description":"heckerconsult Dipl. Kfm. J\u00f6rg Hecker Bergmannstr. 68 10961 Berlin Tel.: +49 (0)30 \u2013 68 00 78 37 Fax: +49 (0)30 \u2013 68 00 78 41 Inhaber: J\u00f6rg Hecker Internet: www.heckerconsult.com E-Mail: info@jumpberlin.com Rechtliche Hinweise Rechtliches zum Thema Links Das Landgericht Hamburg hat mit Urteil vom 12.05.1998 entschieden, dass man durch die Ausbringung eines Links die [&hellip;]","og_url":"https:\/\/jumpberlin.com\/impressum\/","og_site_name":"Jump Berlin","article_publisher":"https:\/\/www.facebook.com\/jumpberlincom","article_modified_time":"2017-07-06T06:31:39+00:00","twitter_card":"summary_large_image","twitter_site":"@jumpberlin","twitter_misc":{"Gesch\u00e4tzte Lesezeit":"1\u00a0Minute"},"schema":{"@context":"https:\/\/schema.org","@graph":[{"@type":"WebPage","@id":"https:\/\/jumpberlin.com\/impressum\/","url":"https:\/\/jumpberlin.com\/impressum\/","name":"Impressum | Jump Berlin","isPartOf":{"@id":"https:\/\/jumpberlin.com\/en\/#website"},"datePublished":"2017-07-03T12:12:13+00:00","dateModified":"2017-07-06T06:31:39+00:00","breadcrumb":{"@id":"https:\/\/jumpberlin.com\/impressum\/#breadcrumb"},"inLanguage":"de","potentialAction":[{"@type":"ReadAction","target":["https:\/\/jumpberlin.com\/impressum\/"]}]},{"@type":"BreadcrumbList","@id":"https:\/\/jumpberlin.com\/impressum\/#breadcrumb","itemListElement":[{"@type":"ListItem","position":1,"name":"Home","item":"https:\/\/jumpberlin.com\/entdecke-berlin\/"},{"@type":"ListItem","position":2,"name":"Impressum"}]},{"@type":"WebSite","@id":"https:\/\/jumpberlin.com\/en\/#website","url":"https:\/\/jumpberlin.com\/en\/","name":"Jump Berlin","description":"Berlin City Guide","potentialAction":[{"@type":"SearchAction","target":{"@type":"EntryPoint","urlTemplate":"https:\/\/jumpberlin.com\/en\/?s={search_term_string}"},"query-input":{"@type":"PropertyValueSpecification","valueRequired":true,"valueName":"search_term_string"}}],"inLanguage":"de"}]}},"_links":{"self":[{"href":"https:\/\/jumpberlin.com\/de\/wp-json\/wp\/v2\/pages\/12432","targetHints":{"allow":["GET"]}}],"collection":[{"href":"https:\/\/jumpberlin.com\/de\/wp-json\/wp\/v2\/pages"}],"about":[{"href":"https:\/\/jumpberlin.com\/de\/wp-json\/wp\/v2\/types\/page"}],"author":[{"embeddable":true,"href":"https:\/\/jumpberlin.com\/de\/wp-json\/wp\/v2\/users\/1"}],"replies":[{"embeddable":true,"href":"https:\/\/jumpberlin.com\/de\/wp-json\/wp\/v2\/comments?post=12432"}],"version-history":[{"count":0,"href":"https:\/\/jumpberlin.com\/de\/wp-json\/wp\/v2\/pages\/12432\/revisions"}],"wp:attachment":[{"href":"https:\/\/jumpberlin.com\/de\/wp-json\/wp\/v2\/media?parent=12432"}],"curies":[{"name":"wp","href":"https:\/\/api.w.org\/{rel}","templated":true}]}}