{"id":12434,"date":"2017-07-03T12:12:28","date_gmt":"2017-07-03T12:12:28","guid":{"rendered":"https:\/\/jumpberlin.com\/?page_id=12434"},"modified":"2017-11-22T10:04:12","modified_gmt":"2017-11-22T10:04:12","slug":"about","status":"publish","type":"page","link":"https:\/\/jumpberlin.com\/de\/about\/","title":{"rendered":"About"},"content":{"rendered":"<p><span style=\"font-family: Arial,sans-serif;\"><span style=\"font-size: small;\">Man kennt es: Man ist zu Besuch in einer unbekannten Stadt oder will in der eigenen mal etwas Anderes entdecken. Man ist voller Tatendrang, aber wei\u00df nicht so recht, wo man anfangen soll. Welche Bar trifft den pers\u00f6nlichen Geschmack am ehesten? Welches Restaurant in der N\u00e4he ist einen Besuch wert? Was gibt es noch Gutes zu entdecken? Zu viele M\u00f6glichkeiten, zu viel Reklame, zu wenig Durchblick auf fremdem Terrain. <\/span><\/span><\/p>\n<p><span style=\"font-family: Arial,sans-serif;\"><span style=\"font-size: small;\">Hier kommen wir ins Spiel ! <strong>JUMP Berlin<\/strong> \u2013 der neue Online-Cityguide f\u00fcr die Hauptstadt. <\/span><\/span><\/p>\n<p><span style=\"font-family: Arial,sans-serif;\"><span style=\"font-size: small;\">Wir m\u00f6chten Euch einen \u00dcberblick \u00fcber Orte an die Hand geben, die unsere Stadt mit Ihrem individuellen Charme und ihren Menschen zu etwas Besonderem machen. <\/span><\/span><\/p>\n<p><span style=\"font-family: Arial,sans-serif;\"><span style=\"font-size: small;\">Hierzu haben wir uns ganz bewusst gegen ein allumfassendes Branchenverzeichnis entschieden, sondern unser Augenmerk auf Qualit\u00e4t und Flair aller bei uns gelisteten Locations gelegt. Mit unserem berlinkundigen Redaktionsteam, in dem verschiedenste Altersklassen vertreten sind, haben wir nach ausgiebiger interner Absprache eine Auswahl getroffen, die wir mit Euch teilen m\u00f6chten. <\/span><\/span><\/p>\n<p><span style=\"font-family: Arial,sans-serif;\"><span style=\"font-size: small;\">Wir bringen geschichtstr\u00e4chtige Orte mit coolen Bars und schicken Restaurants unter einen Hut, sodass f\u00fcr jeden Gusto und jede Altersklasse etwas dabei ist. Alle Locations wurden von Mitgliedern der Redaktion besucht , viele der Orte sind dem gesamten Team seit Jahren bestens bekannt. <\/span><\/span><\/p>\n<p><span style=\"font-family: Arial,sans-serif;\"><span style=\"font-size: small;\">Wir bieten Euch einen authentischen Einblick hinter die Kulissen Berlins und helfen Euch dabei, Euren Aufenthalt zu bereichern und zu einem Einmaligen Erlebnis zu machen. <\/span><\/span><\/p>\n<p><span style=\"font-family: Arial,sans-serif;\"><span style=\"font-size: small;\">Solltet Ihr Fragen oder Anmerkungen zu <strong>JUMP<\/strong> oder einem unserer Artikel haben, z\u00f6gert nicht uns zu kontaktieren, wir nehmen uns Zeit f\u00fcr Euch! <\/span><\/span><\/p>\n<p><span style=\"font-family: Arial,sans-serif;\"><span style=\"font-size: small;\">Schick uns dazu einfach eine Mail an <strong>info@jumpberlin.com<\/strong> !<br \/>\n<\/span><\/span><\/p>\n<p><span style=\"font-family: Arial,sans-serif;\"><span style=\"font-size: small;\">Die <strong>JUMP Berlin<\/strong> Redaktion <\/span><\/span><\/p>\n","protected":false},"excerpt":{"rendered":"<p>Man kennt es: Man ist zu Besuch in einer unbekannten Stadt oder will in der eigenen mal etwas Anderes entdecken. Man ist voller Tatendrang, aber wei\u00df nicht so recht, wo man anfangen soll. Welche Bar trifft den pers\u00f6nlichen Geschmack am ehesten? Welches Restaurant in der N\u00e4he ist einen Besuch wert? Was gibt es noch Gutes [&hellip;]<\/p>\n","protected":false},"author":1,"featured_media":0,"parent":0,"menu_order":0,"comment_status":"closed","ping_status":"closed","template":"","meta":{"footnotes":""},"class_list":["post-12434","page","type-page","status-publish","hentry"],"yoast_head":"<!-- This site is optimized with the Yoast SEO plugin v27.2 - https:\/\/yoast.com\/product\/yoast-seo-wordpress\/ -->\n<title>About | Jump Berlin<\/title>\n<meta name=\"robots\" content=\"index, follow, max-snippet:-1, max-image-preview:large, max-video-preview:-1\" \/>\n<link rel=\"canonical\" href=\"https:\/\/jumpberlin.com\/about\/\" \/>\n<meta property=\"og:locale\" content=\"de_DE\" \/>\n<meta property=\"og:type\" content=\"article\" \/>\n<meta property=\"og:title\" content=\"About | Jump Berlin\" \/>\n<meta property=\"og:description\" content=\"Man kennt es: Man ist zu Besuch in einer unbekannten Stadt oder will in der eigenen mal etwas Anderes entdecken. Man ist voller Tatendrang, aber wei\u00df nicht so recht, wo man anfangen soll. Welche Bar trifft den pers\u00f6nlichen Geschmack am ehesten? Welches Restaurant in der N\u00e4he ist einen Besuch wert? Was gibt es noch Gutes [&hellip;]\" \/>\n<meta property=\"og:url\" content=\"https:\/\/jumpberlin.com\/about\/\" \/>\n<meta property=\"og:site_name\" content=\"Jump Berlin\" \/>\n<meta property=\"article:publisher\" content=\"https:\/\/www.facebook.com\/jumpberlincom\" \/>\n<meta property=\"article:modified_time\" content=\"2017-11-22T10:04:12+00:00\" \/>\n<meta name=\"twitter:card\" content=\"summary_large_image\" \/>\n<meta name=\"twitter:site\" content=\"@jumpberlin\" \/>\n<meta name=\"twitter:label1\" content=\"Gesch\u00e4tzte Lesezeit\" \/>\n\t<meta name=\"twitter:data1\" content=\"1\u00a0Minute\" \/>\n<script type=\"application\/ld+json\" class=\"yoast-schema-graph\">{\"@context\":\"https:\/\/schema.org\",\"@graph\":[{\"@type\":\"WebPage\",\"@id\":\"https:\/\/jumpberlin.com\/about\/\",\"url\":\"https:\/\/jumpberlin.com\/about\/\",\"name\":\"About | Jump Berlin\",\"isPartOf\":{\"@id\":\"https:\/\/jumpberlin.com\/en\/#website\"},\"datePublished\":\"2017-07-03T12:12:28+00:00\",\"dateModified\":\"2017-11-22T10:04:12+00:00\",\"breadcrumb\":{\"@id\":\"https:\/\/jumpberlin.com\/about\/#breadcrumb\"},\"inLanguage\":\"de\",\"potentialAction\":[{\"@type\":\"ReadAction\",\"target\":[\"https:\/\/jumpberlin.com\/about\/\"]}]},{\"@type\":\"BreadcrumbList\",\"@id\":\"https:\/\/jumpberlin.com\/about\/#breadcrumb\",\"itemListElement\":[{\"@type\":\"ListItem\",\"position\":1,\"name\":\"Home\",\"item\":\"https:\/\/jumpberlin.com\/entdecke-berlin\/\"},{\"@type\":\"ListItem\",\"position\":2,\"name\":\"About\"}]},{\"@type\":\"WebSite\",\"@id\":\"https:\/\/jumpberlin.com\/en\/#website\",\"url\":\"https:\/\/jumpberlin.com\/en\/\",\"name\":\"Jump Berlin\",\"description\":\"Berlin City Guide\",\"potentialAction\":[{\"@type\":\"SearchAction\",\"target\":{\"@type\":\"EntryPoint\",\"urlTemplate\":\"https:\/\/jumpberlin.com\/en\/?s={search_term_string}\"},\"query-input\":{\"@type\":\"PropertyValueSpecification\",\"valueRequired\":true,\"valueName\":\"search_term_string\"}}],\"inLanguage\":\"de\"}]}<\/script>\n<!-- \/ Yoast SEO plugin. -->","yoast_head_json":{"title":"About | Jump Berlin","robots":{"index":"index","follow":"follow","max-snippet":"max-snippet:-1","max-image-preview":"max-image-preview:large","max-video-preview":"max-video-preview:-1"},"canonical":"https:\/\/jumpberlin.com\/about\/","og_locale":"de_DE","og_type":"article","og_title":"About | Jump Berlin","og_description":"Man kennt es: Man ist zu Besuch in einer unbekannten Stadt oder will in der eigenen mal etwas Anderes entdecken. Man ist voller Tatendrang, aber wei\u00df nicht so recht, wo man anfangen soll. Welche Bar trifft den pers\u00f6nlichen Geschmack am ehesten? Welches Restaurant in der N\u00e4he ist einen Besuch wert? Was gibt es noch Gutes [&hellip;]","og_url":"https:\/\/jumpberlin.com\/about\/","og_site_name":"Jump Berlin","article_publisher":"https:\/\/www.facebook.com\/jumpberlincom","article_modified_time":"2017-11-22T10:04:12+00:00","twitter_card":"summary_large_image","twitter_site":"@jumpberlin","twitter_misc":{"Gesch\u00e4tzte Lesezeit":"1\u00a0Minute"},"schema":{"@context":"https:\/\/schema.org","@graph":[{"@type":"WebPage","@id":"https:\/\/jumpberlin.com\/about\/","url":"https:\/\/jumpberlin.com\/about\/","name":"About | Jump Berlin","isPartOf":{"@id":"https:\/\/jumpberlin.com\/en\/#website"},"datePublished":"2017-07-03T12:12:28+00:00","dateModified":"2017-11-22T10:04:12+00:00","breadcrumb":{"@id":"https:\/\/jumpberlin.com\/about\/#breadcrumb"},"inLanguage":"de","potentialAction":[{"@type":"ReadAction","target":["https:\/\/jumpberlin.com\/about\/"]}]},{"@type":"BreadcrumbList","@id":"https:\/\/jumpberlin.com\/about\/#breadcrumb","itemListElement":[{"@type":"ListItem","position":1,"name":"Home","item":"https:\/\/jumpberlin.com\/entdecke-berlin\/"},{"@type":"ListItem","position":2,"name":"About"}]},{"@type":"WebSite","@id":"https:\/\/jumpberlin.com\/en\/#website","url":"https:\/\/jumpberlin.com\/en\/","name":"Jump Berlin","description":"Berlin City Guide","potentialAction":[{"@type":"SearchAction","target":{"@type":"EntryPoint","urlTemplate":"https:\/\/jumpberlin.com\/en\/?s={search_term_string}"},"query-input":{"@type":"PropertyValueSpecification","valueRequired":true,"valueName":"search_term_string"}}],"inLanguage":"de"}]}},"_links":{"self":[{"href":"https:\/\/jumpberlin.com\/de\/wp-json\/wp\/v2\/pages\/12434","targetHints":{"allow":["GET"]}}],"collection":[{"href":"https:\/\/jumpberlin.com\/de\/wp-json\/wp\/v2\/pages"}],"about":[{"href":"https:\/\/jumpberlin.com\/de\/wp-json\/wp\/v2\/types\/page"}],"author":[{"embeddable":true,"href":"https:\/\/jumpberlin.com\/de\/wp-json\/wp\/v2\/users\/1"}],"replies":[{"embeddable":true,"href":"https:\/\/jumpberlin.com\/de\/wp-json\/wp\/v2\/comments?post=12434"}],"version-history":[{"count":0,"href":"https:\/\/jumpberlin.com\/de\/wp-json\/wp\/v2\/pages\/12434\/revisions"}],"wp:attachment":[{"href":"https:\/\/jumpberlin.com\/de\/wp-json\/wp\/v2\/media?parent=12434"}],"curies":[{"name":"wp","href":"https:\/\/api.w.org\/{rel}","templated":true}]}}