{"id":15672,"date":"2018-10-17T12:22:26","date_gmt":"2018-10-17T12:22:26","guid":{"rendered":"https:\/\/jumpberlin.com\/?page_id=15672"},"modified":"2018-11-19T09:22:22","modified_gmt":"2018-11-19T09:22:22","slug":"essen-und-trinken-in-berlin","status":"publish","type":"page","link":"https:\/\/jumpberlin.com\/de\/entdecke-berlin\/essen-und-trinken-in-berlin\/","title":{"rendered":"Essen&#038;Trinken in Berlin"},"content":{"rendered":"<p>Berlins soziale und kulturelle Diversit\u00e4t ist nicht nur im Stadtbild und dem Zusammenleben zahlreicher ethnischer und nationaler Communities zu sehen. Auch kulinarisch ist die Spreemetropole absolut einzigartig in ganz Deutschland. Mit JUMP Berlin wird Essen&amp;Trinken in Berlin f\u00fcr euch zum ganz besonderen Genuss.<\/p>\n<p>Wir haben f\u00fcr euch die besten Fr\u00fchst\u00fccks-Lokalit\u00e4ten ausfindig gemacht, wo ihr euch von Berlins ber\u00fchmter Kaffeekunst \u00fcberzeugen und gest\u00e4rkt in den Tag starten k\u00f6nnt. Zahlreiche Bistros und Imbisse laden euch ein mittags zum Schlemmen ein. T\u00fcrkische, sudanesische, libanesische, vietnamesische und thail\u00e4ndische Spezialit\u00e4ten stehen nicht nur in den Szene-Bezirken auf der Speisekarte. Von Georgisch bis Italienisch kann man im ganzen Stadtgebiet authentische und klassische K\u00fcche genie\u00dfen. Khachapuri, D\u00f6ner, Burger, Falafel, Kimchi, Pizza &#8211; aber auch die klassische Currywurst (Berliner Art ohne Haut) warten nur darauf von euch gustiert zu werden. Wer an upscale dining \u00e0 la nouvelle cuisine interessiert ist, wird abends in den kulinarischen Hotspots in Berlin Mitte mit Sicherheit seinen Spa\u00df haben. Damit ihr bei dieser H\u00fclle und F\u00fclle nicht den \u00dcberblick verliert, haben wir euch Berlins gastronomisches Angebot nach Caf\u00e9s, Snacks und Restaurants aufgeteilt. Jump in and enjoy!<\/p>\n<p style=\"text-align: center;\"><a href=\"https:\/\/jumpberlin.com\/listing-category\/essen\/\"><strong>Weiter zur Suchseite<\/strong><\/a><\/p>\n<p>&nbsp;<\/p>\n<p>&nbsp;<\/p>\n","protected":false},"excerpt":{"rendered":"<p>Die leckersten und ausgefallensten gastronomischen Besonderheiten Berlins f\u00fcr euch zum Entdecken und Genie\u00dfen. <\/p>\n","protected":false},"author":2,"featured_media":15655,"parent":206,"menu_order":0,"comment_status":"closed","ping_status":"closed","template":"page-templates\/full_width.php","meta":{"footnotes":""},"class_list":["post-15672","page","type-page","status-publish","has-post-thumbnail","hentry"],"yoast_head":"<!-- This site is optimized with the Yoast SEO plugin v27.2 - https:\/\/yoast.com\/product\/yoast-seo-wordpress\/ -->\n<title>Essen&amp;Trinken in Berlin entdecken und genie\u00dfen - JUMP Berlin<\/title>\n<meta name=\"description\" content=\"Die gastronomische Vielseitigkeit der Hauptstadt ist einzigartig in Deutschland. Mit JUMP Berlin wird Essen&amp;Trinken in Berlin f\u00fcr euch zum ganz besonderen Genuss.\" \/>\n<meta name=\"robots\" content=\"index, follow, max-snippet:-1, max-image-preview:large, max-video-preview:-1\" \/>\n<link rel=\"canonical\" href=\"https:\/\/jumpberlin.com\/entdecke-berlin\/essen-und-trinken-in-berlin\/\" \/>\n<meta property=\"og:locale\" content=\"de_DE\" \/>\n<meta property=\"og:type\" content=\"article\" \/>\n<meta property=\"og:title\" content=\"Essen&amp;Trinken in Berlin entdecken und genie\u00dfen - JUMP Berlin\" \/>\n<meta property=\"og:description\" content=\"Die gastronomische Vielseitigkeit der Hauptstadt ist einzigartig in Deutschland. Mit JUMP Berlin wird Essen&amp;Trinken in Berlin f\u00fcr euch zum ganz besonderen Genuss.\" \/>\n<meta property=\"og:url\" content=\"https:\/\/jumpberlin.com\/entdecke-berlin\/essen-und-trinken-in-berlin\/\" \/>\n<meta property=\"og:site_name\" content=\"Jump Berlin\" \/>\n<meta property=\"article:publisher\" content=\"https:\/\/www.facebook.com\/jumpberlincom\" \/>\n<meta property=\"article:modified_time\" content=\"2018-11-19T09:22:22+00:00\" \/>\n<meta property=\"og:image\" content=\"https:\/\/jumpberlin.com\/wp-content\/uploads\/2018\/10\/Thai9-1024x576.jpg\" \/>\n\t<meta property=\"og:image:width\" content=\"1024\" \/>\n\t<meta property=\"og:image:height\" content=\"576\" \/>\n\t<meta property=\"og:image:type\" content=\"image\/jpeg\" \/>\n<meta name=\"twitter:card\" content=\"summary_large_image\" \/>\n<meta name=\"twitter:site\" content=\"@jumpberlin\" \/>\n<meta name=\"twitter:label1\" content=\"Gesch\u00e4tzte Lesezeit\" \/>\n\t<meta name=\"twitter:data1\" content=\"1\u00a0Minute\" \/>\n<script type=\"application\/ld+json\" class=\"yoast-schema-graph\">{\"@context\":\"https:\/\/schema.org\",\"@graph\":[{\"@type\":\"WebPage\",\"@id\":\"https:\/\/jumpberlin.com\/entdecke-berlin\/essen-und-trinken-in-berlin\/\",\"url\":\"https:\/\/jumpberlin.com\/entdecke-berlin\/essen-und-trinken-in-berlin\/\",\"name\":\"Essen&Trinken in Berlin entdecken und genie\u00dfen - JUMP Berlin\",\"isPartOf\":{\"@id\":\"https:\/\/jumpberlin.com\/en\/#website\"},\"primaryImageOfPage\":{\"@id\":\"https:\/\/jumpberlin.com\/entdecke-berlin\/essen-und-trinken-in-berlin\/#primaryimage\"},\"image\":{\"@id\":\"https:\/\/jumpberlin.com\/entdecke-berlin\/essen-und-trinken-in-berlin\/#primaryimage\"},\"thumbnailUrl\":\"https:\/\/jumpberlin.com\/wp-content\/uploads\/2018\/10\/Thai9.jpg\",\"datePublished\":\"2018-10-17T12:22:26+00:00\",\"dateModified\":\"2018-11-19T09:22:22+00:00\",\"description\":\"Die gastronomische Vielseitigkeit der Hauptstadt ist einzigartig in Deutschland. Mit JUMP Berlin wird Essen&Trinken in Berlin f\u00fcr euch zum ganz besonderen Genuss.\",\"breadcrumb\":{\"@id\":\"https:\/\/jumpberlin.com\/entdecke-berlin\/essen-und-trinken-in-berlin\/#breadcrumb\"},\"inLanguage\":\"de\",\"potentialAction\":[{\"@type\":\"ReadAction\",\"target\":[\"https:\/\/jumpberlin.com\/entdecke-berlin\/essen-und-trinken-in-berlin\/\"]}]},{\"@type\":\"ImageObject\",\"inLanguage\":\"de\",\"@id\":\"https:\/\/jumpberlin.com\/entdecke-berlin\/essen-und-trinken-in-berlin\/#primaryimage\",\"url\":\"https:\/\/jumpberlin.com\/wp-content\/uploads\/2018\/10\/Thai9.jpg\",\"contentUrl\":\"https:\/\/jumpberlin.com\/wp-content\/uploads\/2018\/10\/Thai9.jpg\",\"width\":6000,\"height\":3376,\"caption\":\"Thai Park\"},{\"@type\":\"BreadcrumbList\",\"@id\":\"https:\/\/jumpberlin.com\/entdecke-berlin\/essen-und-trinken-in-berlin\/#breadcrumb\",\"itemListElement\":[{\"@type\":\"ListItem\",\"position\":1,\"name\":\"Home\",\"item\":\"https:\/\/jumpberlin.com\/entdecke-berlin\/\"},{\"@type\":\"ListItem\",\"position\":2,\"name\":\"Entdecke Berlin!\",\"item\":\"https:\/\/jumpberlin.com\/entdecke-berlin\/\"},{\"@type\":\"ListItem\",\"position\":3,\"name\":\"Essen&#038;Trinken in Berlin\"}]},{\"@type\":\"WebSite\",\"@id\":\"https:\/\/jumpberlin.com\/en\/#website\",\"url\":\"https:\/\/jumpberlin.com\/en\/\",\"name\":\"Jump Berlin\",\"description\":\"Berlin City Guide\",\"potentialAction\":[{\"@type\":\"SearchAction\",\"target\":{\"@type\":\"EntryPoint\",\"urlTemplate\":\"https:\/\/jumpberlin.com\/en\/?s={search_term_string}\"},\"query-input\":{\"@type\":\"PropertyValueSpecification\",\"valueRequired\":true,\"valueName\":\"search_term_string\"}}],\"inLanguage\":\"de\"}]}<\/script>\n<!-- \/ Yoast SEO plugin. -->","yoast_head_json":{"title":"Essen&Trinken in Berlin entdecken und genie\u00dfen - JUMP Berlin","description":"Die gastronomische Vielseitigkeit der Hauptstadt ist einzigartig in Deutschland. Mit JUMP Berlin wird Essen&Trinken in Berlin f\u00fcr euch zum ganz besonderen Genuss.","robots":{"index":"index","follow":"follow","max-snippet":"max-snippet:-1","max-image-preview":"max-image-preview:large","max-video-preview":"max-video-preview:-1"},"canonical":"https:\/\/jumpberlin.com\/entdecke-berlin\/essen-und-trinken-in-berlin\/","og_locale":"de_DE","og_type":"article","og_title":"Essen&Trinken in Berlin entdecken und genie\u00dfen - JUMP Berlin","og_description":"Die gastronomische Vielseitigkeit der Hauptstadt ist einzigartig in Deutschland. Mit JUMP Berlin wird Essen&Trinken in Berlin f\u00fcr euch zum ganz besonderen Genuss.","og_url":"https:\/\/jumpberlin.com\/entdecke-berlin\/essen-und-trinken-in-berlin\/","og_site_name":"Jump Berlin","article_publisher":"https:\/\/www.facebook.com\/jumpberlincom","article_modified_time":"2018-11-19T09:22:22+00:00","og_image":[{"width":1024,"height":576,"url":"https:\/\/jumpberlin.com\/wp-content\/uploads\/2018\/10\/Thai9-1024x576.jpg","type":"image\/jpeg"}],"twitter_card":"summary_large_image","twitter_site":"@jumpberlin","twitter_misc":{"Gesch\u00e4tzte Lesezeit":"1\u00a0Minute"},"schema":{"@context":"https:\/\/schema.org","@graph":[{"@type":"WebPage","@id":"https:\/\/jumpberlin.com\/entdecke-berlin\/essen-und-trinken-in-berlin\/","url":"https:\/\/jumpberlin.com\/entdecke-berlin\/essen-und-trinken-in-berlin\/","name":"Essen&Trinken in Berlin entdecken und genie\u00dfen - JUMP Berlin","isPartOf":{"@id":"https:\/\/jumpberlin.com\/en\/#website"},"primaryImageOfPage":{"@id":"https:\/\/jumpberlin.com\/entdecke-berlin\/essen-und-trinken-in-berlin\/#primaryimage"},"image":{"@id":"https:\/\/jumpberlin.com\/entdecke-berlin\/essen-und-trinken-in-berlin\/#primaryimage"},"thumbnailUrl":"https:\/\/jumpberlin.com\/wp-content\/uploads\/2018\/10\/Thai9.jpg","datePublished":"2018-10-17T12:22:26+00:00","dateModified":"2018-11-19T09:22:22+00:00","description":"Die gastronomische Vielseitigkeit der Hauptstadt ist einzigartig in Deutschland. Mit JUMP Berlin wird Essen&Trinken in Berlin f\u00fcr euch zum ganz besonderen Genuss.","breadcrumb":{"@id":"https:\/\/jumpberlin.com\/entdecke-berlin\/essen-und-trinken-in-berlin\/#breadcrumb"},"inLanguage":"de","potentialAction":[{"@type":"ReadAction","target":["https:\/\/jumpberlin.com\/entdecke-berlin\/essen-und-trinken-in-berlin\/"]}]},{"@type":"ImageObject","inLanguage":"de","@id":"https:\/\/jumpberlin.com\/entdecke-berlin\/essen-und-trinken-in-berlin\/#primaryimage","url":"https:\/\/jumpberlin.com\/wp-content\/uploads\/2018\/10\/Thai9.jpg","contentUrl":"https:\/\/jumpberlin.com\/wp-content\/uploads\/2018\/10\/Thai9.jpg","width":6000,"height":3376,"caption":"Thai Park"},{"@type":"BreadcrumbList","@id":"https:\/\/jumpberlin.com\/entdecke-berlin\/essen-und-trinken-in-berlin\/#breadcrumb","itemListElement":[{"@type":"ListItem","position":1,"name":"Home","item":"https:\/\/jumpberlin.com\/entdecke-berlin\/"},{"@type":"ListItem","position":2,"name":"Entdecke Berlin!","item":"https:\/\/jumpberlin.com\/entdecke-berlin\/"},{"@type":"ListItem","position":3,"name":"Essen&#038;Trinken in Berlin"}]},{"@type":"WebSite","@id":"https:\/\/jumpberlin.com\/en\/#website","url":"https:\/\/jumpberlin.com\/en\/","name":"Jump Berlin","description":"Berlin City Guide","potentialAction":[{"@type":"SearchAction","target":{"@type":"EntryPoint","urlTemplate":"https:\/\/jumpberlin.com\/en\/?s={search_term_string}"},"query-input":{"@type":"PropertyValueSpecification","valueRequired":true,"valueName":"search_term_string"}}],"inLanguage":"de"}]}},"_links":{"self":[{"href":"https:\/\/jumpberlin.com\/de\/wp-json\/wp\/v2\/pages\/15672","targetHints":{"allow":["GET"]}}],"collection":[{"href":"https:\/\/jumpberlin.com\/de\/wp-json\/wp\/v2\/pages"}],"about":[{"href":"https:\/\/jumpberlin.com\/de\/wp-json\/wp\/v2\/types\/page"}],"author":[{"embeddable":true,"href":"https:\/\/jumpberlin.com\/de\/wp-json\/wp\/v2\/users\/2"}],"replies":[{"embeddable":true,"href":"https:\/\/jumpberlin.com\/de\/wp-json\/wp\/v2\/comments?post=15672"}],"version-history":[{"count":0,"href":"https:\/\/jumpberlin.com\/de\/wp-json\/wp\/v2\/pages\/15672\/revisions"}],"up":[{"embeddable":true,"href":"https:\/\/jumpberlin.com\/de\/wp-json\/wp\/v2\/pages\/206"}],"wp:featuredmedia":[{"embeddable":true,"href":"https:\/\/jumpberlin.com\/de\/wp-json\/wp\/v2\/media\/15655"}],"wp:attachment":[{"href":"https:\/\/jumpberlin.com\/de\/wp-json\/wp\/v2\/media?parent=15672"}],"curies":[{"name":"wp","href":"https:\/\/api.w.org\/{rel}","templated":true}]}}