{"id":15688,"date":"2018-10-18T09:44:28","date_gmt":"2018-10-18T09:44:28","guid":{"rendered":"https:\/\/jumpberlin.com\/?page_id=15688"},"modified":"2018-11-19T09:25:55","modified_gmt":"2018-11-19T09:25:55","slug":"unterkuenfte-in-berlin","status":"publish","type":"page","link":"https:\/\/jumpberlin.com\/de\/entdecke-berlin\/unterkuenfte-in-berlin\/","title":{"rendered":"Unterk\u00fcnfte in Berlin"},"content":{"rendered":"<p>Berlin ist ein beliebtes Reiseziel und j\u00e4hrlich Touristenmagnet f\u00fcr mehrere Millionen Besucher aus der ganzen Welt. Allein im ersten Halbjahr von 2018 z\u00e4hlte die Stadt rund 15,4 Millionen \u00dcbernachtungen und \u00a06,4 Millionen G\u00e4ste (<a href=\"https:\/\/www.berlin.de\/sen\/wirtschaft\/wirtschaft\/branchen\/tourismus\/\">BerlinOnline<\/a>). Der Tourismus in Berlin boomt und mit ihm der Hotel- und Gastbetrieb.<\/p>\n<p>Auf JUMP Berlin bieten wir dir einen breiten und detaillierten \u00dcberblick \u00fcber die Hostel- und Hotelszene der Hauptstadt. Du bist mit Freunden hier auf Wochenendbesuch, mit der Familie f\u00fcr mehrere Tage auf Sightseeing Tour, oder gesch\u00e4ftlich \u00fcber einen l\u00e4ngeren Zeitraum in der Metropole? Auf den folgenden Seiten findest du ausf\u00fchrliche Berichte \u00fcber hippe Hostels, bei denen du f\u00fcr kleines Geld unterkommen kannst, und luxuri\u00f6se Locations, die zu Berlins exquisiten Klassikern der Hotelszene z\u00e4hlen. Klick dich durch unsere Rubriken, lass dich inspirieren und buche die perfekte Unterkunft f\u00fcr deinen Besuch in Berlin. Wir w\u00fcnschen dir viel Spa\u00df beim Erkunden. Jump in enjoy!<\/p>\n<p style=\"text-align: center;\"><a href=\"https:\/\/jumpberlin.com\/listing-category\/unterkunfte\/\"><strong>Weiter zur Suchseite<\/strong><\/a><\/p>\n","protected":false},"excerpt":{"rendered":"<p>Hostels, Hotels und viele weitere Locations f\u00fcr deinen Besuch in der Hauptstadt.<\/p>\n","protected":false},"author":2,"featured_media":15636,"parent":206,"menu_order":0,"comment_status":"closed","ping_status":"closed","template":"page-templates\/full_width.php","meta":{"footnotes":""},"class_list":["post-15688","page","type-page","status-publish","has-post-thumbnail","hentry"],"yoast_head":"<!-- This site is optimized with the Yoast SEO plugin v27.4 - https:\/\/yoast.com\/product\/yoast-seo-wordpress\/ -->\n<title>Unterk\u00fcnfte in Berlin entdecken - JUMP Berlin<\/title>\n<meta name=\"description\" content=\"JUMP Berlin, dein individueller City Guide f\u00fcr die Hauptstadt, bietet dir einen breiten und detaillierten \u00dcberblick \u00fcber die Hostel- und Hotelszene Berlins mit Berichten zu einfachen und exquisiten Locations im ganzen Stadtgebiet.\" \/>\n<meta name=\"robots\" content=\"index, follow, max-snippet:-1, max-image-preview:large, max-video-preview:-1\" \/>\n<link rel=\"canonical\" href=\"https:\/\/jumpberlin.com\/entdecke-berlin\/unterkuenfte-in-berlin\/\" \/>\n<meta property=\"og:locale\" content=\"de_DE\" \/>\n<meta property=\"og:type\" content=\"article\" \/>\n<meta property=\"og:title\" content=\"Unterk\u00fcnfte in Berlin entdecken - JUMP Berlin\" \/>\n<meta property=\"og:description\" content=\"JUMP Berlin, dein individueller City Guide f\u00fcr die Hauptstadt, bietet dir einen breiten und detaillierten \u00dcberblick \u00fcber die Hostel- und Hotelszene Berlins mit Berichten zu einfachen und exquisiten Locations im ganzen Stadtgebiet.\" \/>\n<meta property=\"og:url\" content=\"https:\/\/jumpberlin.com\/entdecke-berlin\/unterkuenfte-in-berlin\/\" \/>\n<meta property=\"og:site_name\" content=\"Jump Berlin\" \/>\n<meta property=\"article:publisher\" content=\"https:\/\/www.facebook.com\/jumpberlincom\" \/>\n<meta property=\"article:modified_time\" content=\"2018-11-19T09:25:55+00:00\" \/>\n<meta property=\"og:image\" content=\"https:\/\/jumpberlin.com\/wp-content\/uploads\/2018\/03\/Lorenz-Adlon-Esszimmer_Blick-auf-Brandenburger-Tor.jpg\" \/>\n\t<meta property=\"og:image:width\" content=\"1920\" \/>\n\t<meta property=\"og:image:height\" content=\"1280\" \/>\n\t<meta property=\"og:image:type\" content=\"image\/jpeg\" \/>\n<meta name=\"twitter:card\" content=\"summary_large_image\" \/>\n<meta name=\"twitter:site\" content=\"@jumpberlin\" \/>\n<meta name=\"twitter:label1\" content=\"Gesch\u00e4tzte Lesezeit\" \/>\n\t<meta name=\"twitter:data1\" content=\"1\u00a0Minute\" \/>\n<script type=\"application\/ld+json\" class=\"yoast-schema-graph\">{\"@context\":\"https:\\\/\\\/schema.org\",\"@graph\":[{\"@type\":\"WebPage\",\"@id\":\"https:\\\/\\\/jumpberlin.com\\\/entdecke-berlin\\\/unterkuenfte-in-berlin\\\/\",\"url\":\"https:\\\/\\\/jumpberlin.com\\\/entdecke-berlin\\\/unterkuenfte-in-berlin\\\/\",\"name\":\"Unterk\u00fcnfte in Berlin entdecken - JUMP Berlin\",\"isPartOf\":{\"@id\":\"https:\\\/\\\/jumpberlin.com\\\/en\\\/#website\"},\"primaryImageOfPage\":{\"@id\":\"https:\\\/\\\/jumpberlin.com\\\/entdecke-berlin\\\/unterkuenfte-in-berlin\\\/#primaryimage\"},\"image\":{\"@id\":\"https:\\\/\\\/jumpberlin.com\\\/entdecke-berlin\\\/unterkuenfte-in-berlin\\\/#primaryimage\"},\"thumbnailUrl\":\"https:\\\/\\\/jumpberlin.com\\\/wp-content\\\/uploads\\\/2018\\\/03\\\/Lorenz-Adlon-Esszimmer_Blick-auf-Brandenburger-Tor.jpg\",\"datePublished\":\"2018-10-18T09:44:28+00:00\",\"dateModified\":\"2018-11-19T09:25:55+00:00\",\"description\":\"JUMP Berlin, dein individueller City Guide f\u00fcr die Hauptstadt, bietet dir einen breiten und detaillierten \u00dcberblick \u00fcber die Hostel- und Hotelszene Berlins mit Berichten zu einfachen und exquisiten Locations im ganzen Stadtgebiet.\",\"breadcrumb\":{\"@id\":\"https:\\\/\\\/jumpberlin.com\\\/entdecke-berlin\\\/unterkuenfte-in-berlin\\\/#breadcrumb\"},\"inLanguage\":\"de\",\"potentialAction\":[{\"@type\":\"ReadAction\",\"target\":[\"https:\\\/\\\/jumpberlin.com\\\/entdecke-berlin\\\/unterkuenfte-in-berlin\\\/\"]}]},{\"@type\":\"ImageObject\",\"inLanguage\":\"de\",\"@id\":\"https:\\\/\\\/jumpberlin.com\\\/entdecke-berlin\\\/unterkuenfte-in-berlin\\\/#primaryimage\",\"url\":\"https:\\\/\\\/jumpberlin.com\\\/wp-content\\\/uploads\\\/2018\\\/03\\\/Lorenz-Adlon-Esszimmer_Blick-auf-Brandenburger-Tor.jpg\",\"contentUrl\":\"https:\\\/\\\/jumpberlin.com\\\/wp-content\\\/uploads\\\/2018\\\/03\\\/Lorenz-Adlon-Esszimmer_Blick-auf-Brandenburger-Tor.jpg\",\"width\":1920,\"height\":1280,\"caption\":\"Hotel Adlon Kempinski\"},{\"@type\":\"BreadcrumbList\",\"@id\":\"https:\\\/\\\/jumpberlin.com\\\/entdecke-berlin\\\/unterkuenfte-in-berlin\\\/#breadcrumb\",\"itemListElement\":[{\"@type\":\"ListItem\",\"position\":1,\"name\":\"Home\",\"item\":\"https:\\\/\\\/jumpberlin.com\\\/entdecke-berlin\\\/\"},{\"@type\":\"ListItem\",\"position\":2,\"name\":\"Entdecke Berlin!\",\"item\":\"https:\\\/\\\/jumpberlin.com\\\/entdecke-berlin\\\/\"},{\"@type\":\"ListItem\",\"position\":3,\"name\":\"Unterk\u00fcnfte in Berlin\"}]},{\"@type\":\"WebSite\",\"@id\":\"https:\\\/\\\/jumpberlin.com\\\/en\\\/#website\",\"url\":\"https:\\\/\\\/jumpberlin.com\\\/en\\\/\",\"name\":\"Jump Berlin\",\"description\":\"Berlin City Guide\",\"potentialAction\":[{\"@type\":\"SearchAction\",\"target\":{\"@type\":\"EntryPoint\",\"urlTemplate\":\"https:\\\/\\\/jumpberlin.com\\\/en\\\/?s={search_term_string}\"},\"query-input\":{\"@type\":\"PropertyValueSpecification\",\"valueRequired\":true,\"valueName\":\"search_term_string\"}}],\"inLanguage\":\"de\"}]}<\/script>\n<!-- \/ Yoast SEO plugin. -->","yoast_head_json":{"title":"Unterk\u00fcnfte in Berlin entdecken - JUMP Berlin","description":"JUMP Berlin, dein individueller City Guide f\u00fcr die Hauptstadt, bietet dir einen breiten und detaillierten \u00dcberblick \u00fcber die Hostel- und Hotelszene Berlins mit Berichten zu einfachen und exquisiten Locations im ganzen Stadtgebiet.","robots":{"index":"index","follow":"follow","max-snippet":"max-snippet:-1","max-image-preview":"max-image-preview:large","max-video-preview":"max-video-preview:-1"},"canonical":"https:\/\/jumpberlin.com\/entdecke-berlin\/unterkuenfte-in-berlin\/","og_locale":"de_DE","og_type":"article","og_title":"Unterk\u00fcnfte in Berlin entdecken - JUMP Berlin","og_description":"JUMP Berlin, dein individueller City Guide f\u00fcr die Hauptstadt, bietet dir einen breiten und detaillierten \u00dcberblick \u00fcber die Hostel- und Hotelszene Berlins mit Berichten zu einfachen und exquisiten Locations im ganzen Stadtgebiet.","og_url":"https:\/\/jumpberlin.com\/entdecke-berlin\/unterkuenfte-in-berlin\/","og_site_name":"Jump Berlin","article_publisher":"https:\/\/www.facebook.com\/jumpberlincom","article_modified_time":"2018-11-19T09:25:55+00:00","og_image":[{"width":1920,"height":1280,"url":"https:\/\/jumpberlin.com\/wp-content\/uploads\/2018\/03\/Lorenz-Adlon-Esszimmer_Blick-auf-Brandenburger-Tor.jpg","type":"image\/jpeg"}],"twitter_card":"summary_large_image","twitter_site":"@jumpberlin","twitter_misc":{"Gesch\u00e4tzte Lesezeit":"1\u00a0Minute"},"schema":{"@context":"https:\/\/schema.org","@graph":[{"@type":"WebPage","@id":"https:\/\/jumpberlin.com\/entdecke-berlin\/unterkuenfte-in-berlin\/","url":"https:\/\/jumpberlin.com\/entdecke-berlin\/unterkuenfte-in-berlin\/","name":"Unterk\u00fcnfte in Berlin entdecken - JUMP Berlin","isPartOf":{"@id":"https:\/\/jumpberlin.com\/en\/#website"},"primaryImageOfPage":{"@id":"https:\/\/jumpberlin.com\/entdecke-berlin\/unterkuenfte-in-berlin\/#primaryimage"},"image":{"@id":"https:\/\/jumpberlin.com\/entdecke-berlin\/unterkuenfte-in-berlin\/#primaryimage"},"thumbnailUrl":"https:\/\/jumpberlin.com\/wp-content\/uploads\/2018\/03\/Lorenz-Adlon-Esszimmer_Blick-auf-Brandenburger-Tor.jpg","datePublished":"2018-10-18T09:44:28+00:00","dateModified":"2018-11-19T09:25:55+00:00","description":"JUMP Berlin, dein individueller City Guide f\u00fcr die Hauptstadt, bietet dir einen breiten und detaillierten \u00dcberblick \u00fcber die Hostel- und Hotelszene Berlins mit Berichten zu einfachen und exquisiten Locations im ganzen Stadtgebiet.","breadcrumb":{"@id":"https:\/\/jumpberlin.com\/entdecke-berlin\/unterkuenfte-in-berlin\/#breadcrumb"},"inLanguage":"de","potentialAction":[{"@type":"ReadAction","target":["https:\/\/jumpberlin.com\/entdecke-berlin\/unterkuenfte-in-berlin\/"]}]},{"@type":"ImageObject","inLanguage":"de","@id":"https:\/\/jumpberlin.com\/entdecke-berlin\/unterkuenfte-in-berlin\/#primaryimage","url":"https:\/\/jumpberlin.com\/wp-content\/uploads\/2018\/03\/Lorenz-Adlon-Esszimmer_Blick-auf-Brandenburger-Tor.jpg","contentUrl":"https:\/\/jumpberlin.com\/wp-content\/uploads\/2018\/03\/Lorenz-Adlon-Esszimmer_Blick-auf-Brandenburger-Tor.jpg","width":1920,"height":1280,"caption":"Hotel Adlon Kempinski"},{"@type":"BreadcrumbList","@id":"https:\/\/jumpberlin.com\/entdecke-berlin\/unterkuenfte-in-berlin\/#breadcrumb","itemListElement":[{"@type":"ListItem","position":1,"name":"Home","item":"https:\/\/jumpberlin.com\/entdecke-berlin\/"},{"@type":"ListItem","position":2,"name":"Entdecke Berlin!","item":"https:\/\/jumpberlin.com\/entdecke-berlin\/"},{"@type":"ListItem","position":3,"name":"Unterk\u00fcnfte in Berlin"}]},{"@type":"WebSite","@id":"https:\/\/jumpberlin.com\/en\/#website","url":"https:\/\/jumpberlin.com\/en\/","name":"Jump Berlin","description":"Berlin City Guide","potentialAction":[{"@type":"SearchAction","target":{"@type":"EntryPoint","urlTemplate":"https:\/\/jumpberlin.com\/en\/?s={search_term_string}"},"query-input":{"@type":"PropertyValueSpecification","valueRequired":true,"valueName":"search_term_string"}}],"inLanguage":"de"}]}},"_links":{"self":[{"href":"https:\/\/jumpberlin.com\/de\/wp-json\/wp\/v2\/pages\/15688","targetHints":{"allow":["GET"]}}],"collection":[{"href":"https:\/\/jumpberlin.com\/de\/wp-json\/wp\/v2\/pages"}],"about":[{"href":"https:\/\/jumpberlin.com\/de\/wp-json\/wp\/v2\/types\/page"}],"author":[{"embeddable":true,"href":"https:\/\/jumpberlin.com\/de\/wp-json\/wp\/v2\/users\/2"}],"replies":[{"embeddable":true,"href":"https:\/\/jumpberlin.com\/de\/wp-json\/wp\/v2\/comments?post=15688"}],"version-history":[{"count":0,"href":"https:\/\/jumpberlin.com\/de\/wp-json\/wp\/v2\/pages\/15688\/revisions"}],"up":[{"embeddable":true,"href":"https:\/\/jumpberlin.com\/de\/wp-json\/wp\/v2\/pages\/206"}],"wp:featuredmedia":[{"embeddable":true,"href":"https:\/\/jumpberlin.com\/de\/wp-json\/wp\/v2\/media\/15636"}],"wp:attachment":[{"href":"https:\/\/jumpberlin.com\/de\/wp-json\/wp\/v2\/media?parent=15688"}],"curies":[{"name":"wp","href":"https:\/\/api.w.org\/{rel}","templated":true}]}}