{"id":15694,"date":"2018-10-18T10:46:57","date_gmt":"2018-10-18T10:46:57","guid":{"rendered":"https:\/\/jumpberlin.com\/?page_id=15694"},"modified":"2018-11-19T09:23:23","modified_gmt":"2018-11-19T09:23:23","slug":"nachtleben-in-berlin","status":"publish","type":"page","link":"https:\/\/jumpberlin.com\/de\/entdecke-berlin\/nachtleben-in-berlin\/","title":{"rendered":"Nachtleben in Berlin"},"content":{"rendered":"<p>Wie keine zweite Stadt in Deutschland ist Berlin die angestammte Heimat einer lebendigen und sich stetig wandelnden Community an kreativ T\u00e4tigen und k\u00fcnstlerisch Interessierten, ausdauernden Feierw\u00fctigen und gehobenen Genie\u00dfern, die sich in Clubs, Bars, Konzert- und Fabrikhallen, oder an der Stra\u00dfenecke bei Street-Music oder -Art trifft und die kreative und kulturelle Freiheit Berlins zelebriert. Kein Wunder, dass Berlins Nachtleben zum aufregendsten und abwechslungsreichsten der ganzen Republik z\u00e4hlt.<\/p>\n<p>&nbsp;<\/p>\n<p>JUMP Berlin bietet dir einen breiten und detaillierten Einblick in die Unterhaltungsszene der Hauptstadt. Auf unseren Seiten kannst du dich einlesen in und inspirieren lassen von Berichten \u00fcber rustikale Kneipen und edle Cocktail Bars, gem\u00fctliche Bierg\u00e4rten und spektakul\u00e4re Rooftop-Locations, abgerockten Musikschuppen und extravaganten Clubs, klassischen und modernen Konzerthallen und -arenen, sowie weiteren indoor und open-air Venues. Unter den Kategorien &#8222;<a href=\"https:\/\/jumpberlin.com\/listing-category\/bar\/\">Bar<\/a>&#8220; und &#8222;<a href=\"https:\/\/jumpberlin.com\/listing-category\/nightclub\/\">Club<\/a>&#8220; findest du alle Locations f\u00fcr deinen ultimativ unterhaltsamen Berlinaufenthalt. Wir w\u00fcnschen dir viel Spa\u00df beim Entdecken und Erleben von Berlins Nachtleben. Jump in and enjoy!<\/p>\n<p style=\"text-align: center;\"><a href=\"https:\/\/jumpberlin.com\/listing-category\/nachtleben\/\"><strong>Weiter zur Suchseite<\/strong>\u00a0<\/a><\/p>\n","protected":false},"excerpt":{"rendered":"<p>Clubs, Bars und viele weitere Tipps f\u00fcr Berlins bunte Ausgeh- und Unterhaltungskultur. <\/p>\n","protected":false},"author":2,"featured_media":14969,"parent":206,"menu_order":0,"comment_status":"closed","ping_status":"closed","template":"","meta":{"footnotes":""},"class_list":["post-15694","page","type-page","status-publish","has-post-thumbnail","hentry"],"yoast_head":"<!-- This site is optimized with the Yoast SEO plugin v27.2 - https:\/\/yoast.com\/product\/yoast-seo-wordpress\/ -->\n<title>Nachtleben in Berlin entdecken und erleben - JUMP Berlin<\/title>\n<meta name=\"description\" content=\"JUMP Berlin, dein individueller City Guide f\u00fcr die Hauptstadt, bietet dir einen \u00dcberblick \u00fcber Clubs, Bars und viele weitere Tipps f\u00fcr Berlins bunte Ausgeh- und Unterhaltungskultur.\" \/>\n<meta name=\"robots\" content=\"index, follow, max-snippet:-1, max-image-preview:large, max-video-preview:-1\" \/>\n<link rel=\"canonical\" href=\"https:\/\/jumpberlin.com\/entdecke-berlin\/nachtleben-in-berlin\/\" \/>\n<meta property=\"og:locale\" content=\"de_DE\" \/>\n<meta property=\"og:type\" content=\"article\" \/>\n<meta property=\"og:title\" content=\"Nachtleben in Berlin entdecken und erleben - JUMP Berlin\" \/>\n<meta property=\"og:description\" content=\"JUMP Berlin, dein individueller City Guide f\u00fcr die Hauptstadt, bietet dir einen \u00dcberblick \u00fcber Clubs, Bars und viele weitere Tipps f\u00fcr Berlins bunte Ausgeh- und Unterhaltungskultur.\" \/>\n<meta property=\"og:url\" content=\"https:\/\/jumpberlin.com\/entdecke-berlin\/nachtleben-in-berlin\/\" \/>\n<meta property=\"og:site_name\" content=\"Jump Berlin\" \/>\n<meta property=\"article:publisher\" content=\"https:\/\/www.facebook.com\/jumpberlincom\" \/>\n<meta property=\"article:modified_time\" content=\"2018-11-19T09:23:23+00:00\" \/>\n<meta property=\"og:image\" content=\"https:\/\/jumpberlin.com\/wp-content\/uploads\/2018\/05\/25h_Bikini_StephanLe_4-1024x768.jpg\" \/>\n\t<meta property=\"og:image:width\" content=\"1024\" \/>\n\t<meta property=\"og:image:height\" content=\"768\" \/>\n\t<meta property=\"og:image:type\" content=\"image\/jpeg\" \/>\n<meta name=\"twitter:card\" content=\"summary_large_image\" \/>\n<meta name=\"twitter:site\" content=\"@jumpberlin\" \/>\n<meta name=\"twitter:label1\" content=\"Gesch\u00e4tzte Lesezeit\" \/>\n\t<meta name=\"twitter:data1\" content=\"1\u00a0Minute\" \/>\n<script type=\"application\/ld+json\" class=\"yoast-schema-graph\">{\"@context\":\"https:\/\/schema.org\",\"@graph\":[{\"@type\":\"WebPage\",\"@id\":\"https:\/\/jumpberlin.com\/entdecke-berlin\/nachtleben-in-berlin\/\",\"url\":\"https:\/\/jumpberlin.com\/entdecke-berlin\/nachtleben-in-berlin\/\",\"name\":\"Nachtleben in Berlin entdecken und erleben - JUMP Berlin\",\"isPartOf\":{\"@id\":\"https:\/\/jumpberlin.com\/en\/#website\"},\"primaryImageOfPage\":{\"@id\":\"https:\/\/jumpberlin.com\/entdecke-berlin\/nachtleben-in-berlin\/#primaryimage\"},\"image\":{\"@id\":\"https:\/\/jumpberlin.com\/entdecke-berlin\/nachtleben-in-berlin\/#primaryimage\"},\"thumbnailUrl\":\"https:\/\/jumpberlin.com\/wp-content\/uploads\/2018\/05\/25h_Bikini_StephanLe_4.jpg\",\"datePublished\":\"2018-10-18T10:46:57+00:00\",\"dateModified\":\"2018-11-19T09:23:23+00:00\",\"description\":\"JUMP Berlin, dein individueller City Guide f\u00fcr die Hauptstadt, bietet dir einen \u00dcberblick \u00fcber Clubs, Bars und viele weitere Tipps f\u00fcr Berlins bunte Ausgeh- und Unterhaltungskultur.\",\"breadcrumb\":{\"@id\":\"https:\/\/jumpberlin.com\/entdecke-berlin\/nachtleben-in-berlin\/#breadcrumb\"},\"inLanguage\":\"de\",\"potentialAction\":[{\"@type\":\"ReadAction\",\"target\":[\"https:\/\/jumpberlin.com\/entdecke-berlin\/nachtleben-in-berlin\/\"]}]},{\"@type\":\"ImageObject\",\"inLanguage\":\"de\",\"@id\":\"https:\/\/jumpberlin.com\/entdecke-berlin\/nachtleben-in-berlin\/#primaryimage\",\"url\":\"https:\/\/jumpberlin.com\/wp-content\/uploads\/2018\/05\/25h_Bikini_StephanLe_4.jpg\",\"contentUrl\":\"https:\/\/jumpberlin.com\/wp-content\/uploads\/2018\/05\/25h_Bikini_StephanLe_4.jpg\",\"width\":3000,\"height\":2250,\"caption\":\"25h Hotel\"},{\"@type\":\"BreadcrumbList\",\"@id\":\"https:\/\/jumpberlin.com\/entdecke-berlin\/nachtleben-in-berlin\/#breadcrumb\",\"itemListElement\":[{\"@type\":\"ListItem\",\"position\":1,\"name\":\"Home\",\"item\":\"https:\/\/jumpberlin.com\/entdecke-berlin\/\"},{\"@type\":\"ListItem\",\"position\":2,\"name\":\"Entdecke Berlin!\",\"item\":\"https:\/\/jumpberlin.com\/entdecke-berlin\/\"},{\"@type\":\"ListItem\",\"position\":3,\"name\":\"Nachtleben in Berlin\"}]},{\"@type\":\"WebSite\",\"@id\":\"https:\/\/jumpberlin.com\/en\/#website\",\"url\":\"https:\/\/jumpberlin.com\/en\/\",\"name\":\"Jump Berlin\",\"description\":\"Berlin City Guide\",\"potentialAction\":[{\"@type\":\"SearchAction\",\"target\":{\"@type\":\"EntryPoint\",\"urlTemplate\":\"https:\/\/jumpberlin.com\/en\/?s={search_term_string}\"},\"query-input\":{\"@type\":\"PropertyValueSpecification\",\"valueRequired\":true,\"valueName\":\"search_term_string\"}}],\"inLanguage\":\"de\"}]}<\/script>\n<!-- \/ Yoast SEO plugin. -->","yoast_head_json":{"title":"Nachtleben in Berlin entdecken und erleben - JUMP Berlin","description":"JUMP Berlin, dein individueller City Guide f\u00fcr die Hauptstadt, bietet dir einen \u00dcberblick \u00fcber Clubs, Bars und viele weitere Tipps f\u00fcr Berlins bunte Ausgeh- und Unterhaltungskultur.","robots":{"index":"index","follow":"follow","max-snippet":"max-snippet:-1","max-image-preview":"max-image-preview:large","max-video-preview":"max-video-preview:-1"},"canonical":"https:\/\/jumpberlin.com\/entdecke-berlin\/nachtleben-in-berlin\/","og_locale":"de_DE","og_type":"article","og_title":"Nachtleben in Berlin entdecken und erleben - JUMP Berlin","og_description":"JUMP Berlin, dein individueller City Guide f\u00fcr die Hauptstadt, bietet dir einen \u00dcberblick \u00fcber Clubs, Bars und viele weitere Tipps f\u00fcr Berlins bunte Ausgeh- und Unterhaltungskultur.","og_url":"https:\/\/jumpberlin.com\/entdecke-berlin\/nachtleben-in-berlin\/","og_site_name":"Jump Berlin","article_publisher":"https:\/\/www.facebook.com\/jumpberlincom","article_modified_time":"2018-11-19T09:23:23+00:00","og_image":[{"width":1024,"height":768,"url":"https:\/\/jumpberlin.com\/wp-content\/uploads\/2018\/05\/25h_Bikini_StephanLe_4-1024x768.jpg","type":"image\/jpeg"}],"twitter_card":"summary_large_image","twitter_site":"@jumpberlin","twitter_misc":{"Gesch\u00e4tzte Lesezeit":"1\u00a0Minute"},"schema":{"@context":"https:\/\/schema.org","@graph":[{"@type":"WebPage","@id":"https:\/\/jumpberlin.com\/entdecke-berlin\/nachtleben-in-berlin\/","url":"https:\/\/jumpberlin.com\/entdecke-berlin\/nachtleben-in-berlin\/","name":"Nachtleben in Berlin entdecken und erleben - JUMP Berlin","isPartOf":{"@id":"https:\/\/jumpberlin.com\/en\/#website"},"primaryImageOfPage":{"@id":"https:\/\/jumpberlin.com\/entdecke-berlin\/nachtleben-in-berlin\/#primaryimage"},"image":{"@id":"https:\/\/jumpberlin.com\/entdecke-berlin\/nachtleben-in-berlin\/#primaryimage"},"thumbnailUrl":"https:\/\/jumpberlin.com\/wp-content\/uploads\/2018\/05\/25h_Bikini_StephanLe_4.jpg","datePublished":"2018-10-18T10:46:57+00:00","dateModified":"2018-11-19T09:23:23+00:00","description":"JUMP Berlin, dein individueller City Guide f\u00fcr die Hauptstadt, bietet dir einen \u00dcberblick \u00fcber Clubs, Bars und viele weitere Tipps f\u00fcr Berlins bunte Ausgeh- und Unterhaltungskultur.","breadcrumb":{"@id":"https:\/\/jumpberlin.com\/entdecke-berlin\/nachtleben-in-berlin\/#breadcrumb"},"inLanguage":"de","potentialAction":[{"@type":"ReadAction","target":["https:\/\/jumpberlin.com\/entdecke-berlin\/nachtleben-in-berlin\/"]}]},{"@type":"ImageObject","inLanguage":"de","@id":"https:\/\/jumpberlin.com\/entdecke-berlin\/nachtleben-in-berlin\/#primaryimage","url":"https:\/\/jumpberlin.com\/wp-content\/uploads\/2018\/05\/25h_Bikini_StephanLe_4.jpg","contentUrl":"https:\/\/jumpberlin.com\/wp-content\/uploads\/2018\/05\/25h_Bikini_StephanLe_4.jpg","width":3000,"height":2250,"caption":"25h Hotel"},{"@type":"BreadcrumbList","@id":"https:\/\/jumpberlin.com\/entdecke-berlin\/nachtleben-in-berlin\/#breadcrumb","itemListElement":[{"@type":"ListItem","position":1,"name":"Home","item":"https:\/\/jumpberlin.com\/entdecke-berlin\/"},{"@type":"ListItem","position":2,"name":"Entdecke Berlin!","item":"https:\/\/jumpberlin.com\/entdecke-berlin\/"},{"@type":"ListItem","position":3,"name":"Nachtleben in Berlin"}]},{"@type":"WebSite","@id":"https:\/\/jumpberlin.com\/en\/#website","url":"https:\/\/jumpberlin.com\/en\/","name":"Jump Berlin","description":"Berlin City Guide","potentialAction":[{"@type":"SearchAction","target":{"@type":"EntryPoint","urlTemplate":"https:\/\/jumpberlin.com\/en\/?s={search_term_string}"},"query-input":{"@type":"PropertyValueSpecification","valueRequired":true,"valueName":"search_term_string"}}],"inLanguage":"de"}]}},"_links":{"self":[{"href":"https:\/\/jumpberlin.com\/de\/wp-json\/wp\/v2\/pages\/15694","targetHints":{"allow":["GET"]}}],"collection":[{"href":"https:\/\/jumpberlin.com\/de\/wp-json\/wp\/v2\/pages"}],"about":[{"href":"https:\/\/jumpberlin.com\/de\/wp-json\/wp\/v2\/types\/page"}],"author":[{"embeddable":true,"href":"https:\/\/jumpberlin.com\/de\/wp-json\/wp\/v2\/users\/2"}],"replies":[{"embeddable":true,"href":"https:\/\/jumpberlin.com\/de\/wp-json\/wp\/v2\/comments?post=15694"}],"version-history":[{"count":0,"href":"https:\/\/jumpberlin.com\/de\/wp-json\/wp\/v2\/pages\/15694\/revisions"}],"up":[{"embeddable":true,"href":"https:\/\/jumpberlin.com\/de\/wp-json\/wp\/v2\/pages\/206"}],"wp:featuredmedia":[{"embeddable":true,"href":"https:\/\/jumpberlin.com\/de\/wp-json\/wp\/v2\/media\/14969"}],"wp:attachment":[{"href":"https:\/\/jumpberlin.com\/de\/wp-json\/wp\/v2\/media?parent=15694"}],"curies":[{"name":"wp","href":"https:\/\/api.w.org\/{rel}","templated":true}]}}