{"id":15715,"date":"2018-10-23T10:28:54","date_gmt":"2018-10-23T10:28:54","guid":{"rendered":"https:\/\/jumpberlin.com\/?page_id=15715"},"modified":"2018-11-19T09:54:18","modified_gmt":"2018-11-19T09:54:18","slug":"shopping-in-berlin","status":"publish","type":"page","link":"https:\/\/jumpberlin.com\/de\/entdecke-berlin\/shopping-in-berlin\/","title":{"rendered":"Shopping in Berlin"},"content":{"rendered":"<p>Als internationaler Touristenmagnet hat Berlin nicht nur historisch und kulturell Einiges zu bieten. Sei es in den zentralen Einkaufsarealen auf dem ber\u00fchmten Ku&#8217;Damm oder in einer kleinen kuschligen Boutique in einer kopfsteingepflasterten Seitenstra\u00dfe im Prenzlauer Berg, in der Hauptstadt kann man richtig gut und gerne auch mal richtig viel einkaufen. Mit JUMP Berlin, deinem individuellen City Guide f\u00fcr die Hauptstadt, wird Shopping in Berlin f\u00fcr dich zum Abenteuer.<\/p>\n<p>Besonders wenn es um Kleidung und Mode geht ist Berlin nach wie vor ein beliebtes Pflaster f\u00fcr K\u00fcnstler, Kenner und Konsumenten aller Art und Vorlieben. Doch auch in Nischenbereichen wie dem Schmuck- und M\u00f6beldesign und der Handwerkskunst gibt es viel zu entdecken und g\u00fcnstig zu erstehen. So sozial und kulturell vielseitig Berlin ist, so facettenreich und vielf\u00e4ltig ist das Angebot in Kaufh\u00e4usern,\u00a0Shopping-Stra\u00dfenz\u00fcgen, kleinen L\u00e4den oder auf Flohm\u00e4rkten. Kurzum, es gibt wenig, was es in Berlin nicht irgendwo zu kaufen gibt. In unserem City-Guide erwarten dich viele Tipps zu und Berichte \u00fcber Shopping in Berlin. Wir haben f\u00fcr dich die kuriosesten Szenel\u00e4den und gr\u00f6\u00dften Shoppingpal\u00e4ste besucht, um dir ein breites Bild der Einkaufsm\u00f6glichkeiten in der Spree-Metropole zu geben. Wir w\u00fcnschen dir ganz viel Spa\u00df beim Erkunden (und Geld ausgeben). Jump in and enjoy!<\/p>\n<p style=\"text-align: center;\"><a href=\"https:\/\/jumpberlin.com\/en\/listing-category\/shopping\/\"><strong>Weiter zur Suchseite<\/strong><\/a><\/p>\n<p>&nbsp;<\/p>\n","protected":false},"excerpt":{"rendered":"<p>In der Shopping Hochburg an der Spree gibt es wenig, was es nicht irgendwo gut und g\u00fcnstig zu kaufen gibt.<\/p>\n","protected":false},"author":2,"featured_media":15629,"parent":206,"menu_order":0,"comment_status":"closed","ping_status":"closed","template":"page-templates\/full_width.php","meta":{"footnotes":""},"class_list":["post-15715","page","type-page","status-publish","has-post-thumbnail","hentry"],"yoast_head":"<!-- This site is optimized with the Yoast SEO plugin v27.2 - https:\/\/yoast.com\/product\/yoast-seo-wordpress\/ -->\n<title>Shopping in Berlin erleben und genie\u00dfen - JUMP Berlin<\/title>\n<meta name=\"description\" content=\"Berlin hat nicht nur historisch und kulturell viel zu bieten. Ob in den zentralen Einkaufsarealen oder in einer kopfsteingepflasterten Seitenstra\u00dfe, in der Hauptstadt kann man richtig gut und richtig viel einkaufen. Mit JUMP Berlin wird Shopping in Berlin f\u00fcr dich zum Abenteuer.\" \/>\n<meta name=\"robots\" content=\"index, follow, max-snippet:-1, max-image-preview:large, max-video-preview:-1\" \/>\n<link rel=\"canonical\" href=\"https:\/\/jumpberlin.com\/entdecke-berlin\/shopping-in-berlin\/\" \/>\n<meta property=\"og:locale\" content=\"de_DE\" \/>\n<meta property=\"og:type\" content=\"article\" \/>\n<meta property=\"og:title\" content=\"Shopping in Berlin erleben und genie\u00dfen - JUMP Berlin\" \/>\n<meta property=\"og:description\" content=\"Berlin hat nicht nur historisch und kulturell viel zu bieten. Ob in den zentralen Einkaufsarealen oder in einer kopfsteingepflasterten Seitenstra\u00dfe, in der Hauptstadt kann man richtig gut und richtig viel einkaufen. Mit JUMP Berlin wird Shopping in Berlin f\u00fcr dich zum Abenteuer.\" \/>\n<meta property=\"og:url\" content=\"https:\/\/jumpberlin.com\/entdecke-berlin\/shopping-in-berlin\/\" \/>\n<meta property=\"og:site_name\" content=\"Jump Berlin\" \/>\n<meta property=\"article:publisher\" content=\"https:\/\/www.facebook.com\/jumpberlincom\" \/>\n<meta property=\"article:modified_time\" content=\"2018-11-19T09:54:18+00:00\" \/>\n<meta property=\"og:image\" content=\"https:\/\/jumpberlin.com\/wp-content\/uploads\/2018\/10\/Mauerflo2.jpg\" \/>\n\t<meta property=\"og:image:width\" content=\"1600\" \/>\n\t<meta property=\"og:image:height\" content=\"1200\" \/>\n\t<meta property=\"og:image:type\" content=\"image\/jpeg\" \/>\n<meta name=\"twitter:card\" content=\"summary_large_image\" \/>\n<meta name=\"twitter:site\" content=\"@jumpberlin\" \/>\n<meta name=\"twitter:label1\" content=\"Gesch\u00e4tzte Lesezeit\" \/>\n\t<meta name=\"twitter:data1\" content=\"1\u00a0Minute\" \/>\n<script type=\"application\/ld+json\" class=\"yoast-schema-graph\">{\"@context\":\"https:\/\/schema.org\",\"@graph\":[{\"@type\":\"WebPage\",\"@id\":\"https:\/\/jumpberlin.com\/entdecke-berlin\/shopping-in-berlin\/\",\"url\":\"https:\/\/jumpberlin.com\/entdecke-berlin\/shopping-in-berlin\/\",\"name\":\"Shopping in Berlin erleben und genie\u00dfen - JUMP Berlin\",\"isPartOf\":{\"@id\":\"https:\/\/jumpberlin.com\/en\/#website\"},\"primaryImageOfPage\":{\"@id\":\"https:\/\/jumpberlin.com\/entdecke-berlin\/shopping-in-berlin\/#primaryimage\"},\"image\":{\"@id\":\"https:\/\/jumpberlin.com\/entdecke-berlin\/shopping-in-berlin\/#primaryimage\"},\"thumbnailUrl\":\"https:\/\/jumpberlin.com\/wp-content\/uploads\/2018\/10\/Mauerflo2.jpg\",\"datePublished\":\"2018-10-23T10:28:54+00:00\",\"dateModified\":\"2018-11-19T09:54:18+00:00\",\"description\":\"Berlin hat nicht nur historisch und kulturell viel zu bieten. Ob in den zentralen Einkaufsarealen oder in einer kopfsteingepflasterten Seitenstra\u00dfe, in der Hauptstadt kann man richtig gut und richtig viel einkaufen. Mit JUMP Berlin wird Shopping in Berlin f\u00fcr dich zum Abenteuer.\",\"breadcrumb\":{\"@id\":\"https:\/\/jumpberlin.com\/entdecke-berlin\/shopping-in-berlin\/#breadcrumb\"},\"inLanguage\":\"de\",\"potentialAction\":[{\"@type\":\"ReadAction\",\"target\":[\"https:\/\/jumpberlin.com\/entdecke-berlin\/shopping-in-berlin\/\"]}]},{\"@type\":\"ImageObject\",\"inLanguage\":\"de\",\"@id\":\"https:\/\/jumpberlin.com\/entdecke-berlin\/shopping-in-berlin\/#primaryimage\",\"url\":\"https:\/\/jumpberlin.com\/wp-content\/uploads\/2018\/10\/Mauerflo2.jpg\",\"contentUrl\":\"https:\/\/jumpberlin.com\/wp-content\/uploads\/2018\/10\/Mauerflo2.jpg\",\"width\":1600,\"height\":1200,\"caption\":\"Flohmarkt im Mauerpark\"},{\"@type\":\"BreadcrumbList\",\"@id\":\"https:\/\/jumpberlin.com\/entdecke-berlin\/shopping-in-berlin\/#breadcrumb\",\"itemListElement\":[{\"@type\":\"ListItem\",\"position\":1,\"name\":\"Home\",\"item\":\"https:\/\/jumpberlin.com\/entdecke-berlin\/\"},{\"@type\":\"ListItem\",\"position\":2,\"name\":\"Entdecke Berlin!\",\"item\":\"https:\/\/jumpberlin.com\/entdecke-berlin\/\"},{\"@type\":\"ListItem\",\"position\":3,\"name\":\"Shopping in Berlin\"}]},{\"@type\":\"WebSite\",\"@id\":\"https:\/\/jumpberlin.com\/en\/#website\",\"url\":\"https:\/\/jumpberlin.com\/en\/\",\"name\":\"Jump Berlin\",\"description\":\"Berlin City Guide\",\"potentialAction\":[{\"@type\":\"SearchAction\",\"target\":{\"@type\":\"EntryPoint\",\"urlTemplate\":\"https:\/\/jumpberlin.com\/en\/?s={search_term_string}\"},\"query-input\":{\"@type\":\"PropertyValueSpecification\",\"valueRequired\":true,\"valueName\":\"search_term_string\"}}],\"inLanguage\":\"de\"}]}<\/script>\n<!-- \/ Yoast SEO plugin. -->","yoast_head_json":{"title":"Shopping in Berlin erleben und genie\u00dfen - JUMP Berlin","description":"Berlin hat nicht nur historisch und kulturell viel zu bieten. Ob in den zentralen Einkaufsarealen oder in einer kopfsteingepflasterten Seitenstra\u00dfe, in der Hauptstadt kann man richtig gut und richtig viel einkaufen. Mit JUMP Berlin wird Shopping in Berlin f\u00fcr dich zum Abenteuer.","robots":{"index":"index","follow":"follow","max-snippet":"max-snippet:-1","max-image-preview":"max-image-preview:large","max-video-preview":"max-video-preview:-1"},"canonical":"https:\/\/jumpberlin.com\/entdecke-berlin\/shopping-in-berlin\/","og_locale":"de_DE","og_type":"article","og_title":"Shopping in Berlin erleben und genie\u00dfen - JUMP Berlin","og_description":"Berlin hat nicht nur historisch und kulturell viel zu bieten. Ob in den zentralen Einkaufsarealen oder in einer kopfsteingepflasterten Seitenstra\u00dfe, in der Hauptstadt kann man richtig gut und richtig viel einkaufen. Mit JUMP Berlin wird Shopping in Berlin f\u00fcr dich zum Abenteuer.","og_url":"https:\/\/jumpberlin.com\/entdecke-berlin\/shopping-in-berlin\/","og_site_name":"Jump Berlin","article_publisher":"https:\/\/www.facebook.com\/jumpberlincom","article_modified_time":"2018-11-19T09:54:18+00:00","og_image":[{"width":1600,"height":1200,"url":"https:\/\/jumpberlin.com\/wp-content\/uploads\/2018\/10\/Mauerflo2.jpg","type":"image\/jpeg"}],"twitter_card":"summary_large_image","twitter_site":"@jumpberlin","twitter_misc":{"Gesch\u00e4tzte Lesezeit":"1\u00a0Minute"},"schema":{"@context":"https:\/\/schema.org","@graph":[{"@type":"WebPage","@id":"https:\/\/jumpberlin.com\/entdecke-berlin\/shopping-in-berlin\/","url":"https:\/\/jumpberlin.com\/entdecke-berlin\/shopping-in-berlin\/","name":"Shopping in Berlin erleben und genie\u00dfen - JUMP Berlin","isPartOf":{"@id":"https:\/\/jumpberlin.com\/en\/#website"},"primaryImageOfPage":{"@id":"https:\/\/jumpberlin.com\/entdecke-berlin\/shopping-in-berlin\/#primaryimage"},"image":{"@id":"https:\/\/jumpberlin.com\/entdecke-berlin\/shopping-in-berlin\/#primaryimage"},"thumbnailUrl":"https:\/\/jumpberlin.com\/wp-content\/uploads\/2018\/10\/Mauerflo2.jpg","datePublished":"2018-10-23T10:28:54+00:00","dateModified":"2018-11-19T09:54:18+00:00","description":"Berlin hat nicht nur historisch und kulturell viel zu bieten. Ob in den zentralen Einkaufsarealen oder in einer kopfsteingepflasterten Seitenstra\u00dfe, in der Hauptstadt kann man richtig gut und richtig viel einkaufen. Mit JUMP Berlin wird Shopping in Berlin f\u00fcr dich zum Abenteuer.","breadcrumb":{"@id":"https:\/\/jumpberlin.com\/entdecke-berlin\/shopping-in-berlin\/#breadcrumb"},"inLanguage":"de","potentialAction":[{"@type":"ReadAction","target":["https:\/\/jumpberlin.com\/entdecke-berlin\/shopping-in-berlin\/"]}]},{"@type":"ImageObject","inLanguage":"de","@id":"https:\/\/jumpberlin.com\/entdecke-berlin\/shopping-in-berlin\/#primaryimage","url":"https:\/\/jumpberlin.com\/wp-content\/uploads\/2018\/10\/Mauerflo2.jpg","contentUrl":"https:\/\/jumpberlin.com\/wp-content\/uploads\/2018\/10\/Mauerflo2.jpg","width":1600,"height":1200,"caption":"Flohmarkt im Mauerpark"},{"@type":"BreadcrumbList","@id":"https:\/\/jumpberlin.com\/entdecke-berlin\/shopping-in-berlin\/#breadcrumb","itemListElement":[{"@type":"ListItem","position":1,"name":"Home","item":"https:\/\/jumpberlin.com\/entdecke-berlin\/"},{"@type":"ListItem","position":2,"name":"Entdecke Berlin!","item":"https:\/\/jumpberlin.com\/entdecke-berlin\/"},{"@type":"ListItem","position":3,"name":"Shopping in Berlin"}]},{"@type":"WebSite","@id":"https:\/\/jumpberlin.com\/en\/#website","url":"https:\/\/jumpberlin.com\/en\/","name":"Jump Berlin","description":"Berlin City Guide","potentialAction":[{"@type":"SearchAction","target":{"@type":"EntryPoint","urlTemplate":"https:\/\/jumpberlin.com\/en\/?s={search_term_string}"},"query-input":{"@type":"PropertyValueSpecification","valueRequired":true,"valueName":"search_term_string"}}],"inLanguage":"de"}]}},"_links":{"self":[{"href":"https:\/\/jumpberlin.com\/de\/wp-json\/wp\/v2\/pages\/15715","targetHints":{"allow":["GET"]}}],"collection":[{"href":"https:\/\/jumpberlin.com\/de\/wp-json\/wp\/v2\/pages"}],"about":[{"href":"https:\/\/jumpberlin.com\/de\/wp-json\/wp\/v2\/types\/page"}],"author":[{"embeddable":true,"href":"https:\/\/jumpberlin.com\/de\/wp-json\/wp\/v2\/users\/2"}],"replies":[{"embeddable":true,"href":"https:\/\/jumpberlin.com\/de\/wp-json\/wp\/v2\/comments?post=15715"}],"version-history":[{"count":0,"href":"https:\/\/jumpberlin.com\/de\/wp-json\/wp\/v2\/pages\/15715\/revisions"}],"up":[{"embeddable":true,"href":"https:\/\/jumpberlin.com\/de\/wp-json\/wp\/v2\/pages\/206"}],"wp:featuredmedia":[{"embeddable":true,"href":"https:\/\/jumpberlin.com\/de\/wp-json\/wp\/v2\/media\/15629"}],"wp:attachment":[{"href":"https:\/\/jumpberlin.com\/de\/wp-json\/wp\/v2\/media?parent=15715"}],"curies":[{"name":"wp","href":"https:\/\/api.w.org\/{rel}","templated":true}]}}