{"id":17370,"date":"2025-09-05T07:01:00","date_gmt":"2025-09-05T07:01:00","guid":{"rendered":"https:\/\/jumpberlin.com\/?page_id=17370"},"modified":"2025-09-05T07:41:40","modified_gmt":"2025-09-05T07:41:40","slug":"wellness-in-berlin","status":"publish","type":"page","link":"https:\/\/jumpberlin.com\/de\/entdecke-berlin\/wellness-in-berlin\/","title":{"rendered":"Wellness in Berlin"},"content":{"rendered":"<p data-start=\"93\" data-end=\"470\">Berlin ist eine Stadt voller Gegens\u00e4tze: lebendig, kreativ und \u00fcberraschend entspannend. Hinter dem schnellen Rhythmus der Hauptstadt verbirgt sich eine stetig wachsende Wellness-Welt, die darauf wartet, entdeckt zu werden. Mit JUMP Berlin wird dein Weg zu mehr Balance und Wohlbefinden zu einer spannenden Entdeckungsreise, durch vertraute Orte und versteckte Wohlf\u00fchlpl\u00e4tze.<\/p>\n<p data-start=\"472\" data-end=\"809\">Wir zeigen dir, was Berlin in Sachen Wellness zu bieten hat: moderne Fitnessstudios, ruhige Yogastudios und wohltuende Spas in kleinen, charmanten Ecken der Stadt. Egal, ob du nur ein Wochenende hier verbringst, neu in Berlin bist oder einfach einen Moment f\u00fcr dich suchst,\u00a0 hier findest du Raum zum Abschalten, Auftanken und Durchatmen.<\/p>\n<p data-start=\"811\" data-end=\"1067\">Auf den folgenden Seiten findest du unsere liebsten Wellness-Orte in der ganzen Stadt. Vielleicht entdeckst du ein stylishes Gym in Mitte, ein ruhiges Yogastudio in Kreuzberg oder ein Spa, das dich f\u00fcr einen Moment den Trubel der Gro\u00dfstadt vergessen l\u00e4sst.<\/p>\n<p data-start=\"1069\" data-end=\"1321\">Auch wenn du Berlin schon gut kennst, gibt es immer wieder neue M\u00f6glichkeiten, dir selbst etwas Gutes zu tun, mit einer Yoga-Session unter freiem Himmel, einer entspannenden Massage oder einem motivierenden Workout mit Blick \u00fcber die D\u00e4cher der Stadt.<\/p>\n<p data-start=\"1323\" data-end=\"1403\">Lass dich von Berlin inspirieren und finde deinen ganz pers\u00f6nlichen Wohlf\u00fchlort.<\/p>\n<p data-start=\"1405\" data-end=\"1491\">Wir w\u00fcnschen dir viel Freude beim Entdecken.<br data-start=\"1449\" data-end=\"1452\" \/>Spring rein und genie\u00dfe deine Wellness-Auszeit!<\/p>\n<p style=\"text-align: center;\" data-start=\"1493\" data-end=\"1516\">Weiter zur Suchseite<\/p>\n","protected":false},"excerpt":{"rendered":"<p>Berlin ist eine Stadt voller Gegens\u00e4tze: lebendig, kreativ und \u00fcberraschend entspannend. Hinter dem schnellen Rhythmus der Hauptstadt verbirgt sich eine stetig wachsende Wellness-Welt, die darauf wartet, entdeckt zu werden. Mit JUMP Berlin wird dein Weg zu mehr Balance und Wohlbefinden zu einer spannenden Entdeckungsreise, durch vertraute Orte und versteckte Wohlf\u00fchlpl\u00e4tze. Wir zeigen dir, was Berlin [&hellip;]<\/p>\n","protected":false},"author":2,"featured_media":17372,"parent":206,"menu_order":0,"comment_status":"closed","ping_status":"closed","template":"page-templates\/full_width.php","meta":{"footnotes":""},"class_list":["post-17370","page","type-page","status-publish","has-post-thumbnail","hentry"],"yoast_head":"<!-- This site is optimized with the Yoast SEO plugin v27.2 - https:\/\/yoast.com\/product\/yoast-seo-wordpress\/ -->\n<title>Wellness in Berlin - JUMP Berlin<\/title>\n<meta name=\"description\" content=\"Entdecke Berlin als Wellness-Oase: Von modernen Fitnessstudios \u00fcber ruhige Yogastudios bis hin zu entspannenden Spas. Finde deinen perfekten Ort zum Abschalten und Wohlf\u00fchlen!\" \/>\n<meta name=\"robots\" content=\"index, follow, max-snippet:-1, max-image-preview:large, max-video-preview:-1\" \/>\n<link rel=\"canonical\" href=\"https:\/\/jumpberlin.com\/entdecke-berlin\/wellness-in-berlin\/\" \/>\n<meta property=\"og:locale\" content=\"de_DE\" \/>\n<meta property=\"og:type\" content=\"article\" \/>\n<meta property=\"og:title\" content=\"Wellness in Berlin - JUMP Berlin\" \/>\n<meta property=\"og:description\" content=\"Entdecke Berlin als Wellness-Oase: Von modernen Fitnessstudios \u00fcber ruhige Yogastudios bis hin zu entspannenden Spas. Finde deinen perfekten Ort zum Abschalten und Wohlf\u00fchlen!\" \/>\n<meta property=\"og:url\" content=\"https:\/\/jumpberlin.com\/entdecke-berlin\/wellness-in-berlin\/\" \/>\n<meta property=\"og:site_name\" content=\"Jump Berlin\" \/>\n<meta property=\"article:publisher\" content=\"https:\/\/www.facebook.com\/jumpberlincom\" \/>\n<meta property=\"article:modified_time\" content=\"2025-09-05T07:41:40+00:00\" \/>\n<meta property=\"og:image\" content=\"https:\/\/jumpberlin.com\/wp-content\/uploads\/2025\/09\/untitled-design-56-1024x1024.png\" \/>\n\t<meta property=\"og:image:width\" content=\"1024\" \/>\n\t<meta property=\"og:image:height\" content=\"1024\" \/>\n\t<meta property=\"og:image:type\" content=\"image\/png\" \/>\n<meta name=\"twitter:card\" content=\"summary_large_image\" \/>\n<meta name=\"twitter:site\" content=\"@jumpberlin\" \/>\n<meta name=\"twitter:label1\" content=\"Gesch\u00e4tzte Lesezeit\" \/>\n\t<meta name=\"twitter:data1\" content=\"2\u00a0Minuten\" \/>\n<script type=\"application\/ld+json\" class=\"yoast-schema-graph\">{\"@context\":\"https:\/\/schema.org\",\"@graph\":[{\"@type\":\"WebPage\",\"@id\":\"https:\/\/jumpberlin.com\/entdecke-berlin\/wellness-in-berlin\/\",\"url\":\"https:\/\/jumpberlin.com\/entdecke-berlin\/wellness-in-berlin\/\",\"name\":\"Wellness in Berlin - JUMP Berlin\",\"isPartOf\":{\"@id\":\"https:\/\/jumpberlin.com\/en\/#website\"},\"primaryImageOfPage\":{\"@id\":\"https:\/\/jumpberlin.com\/entdecke-berlin\/wellness-in-berlin\/#primaryimage\"},\"image\":{\"@id\":\"https:\/\/jumpberlin.com\/entdecke-berlin\/wellness-in-berlin\/#primaryimage\"},\"thumbnailUrl\":\"https:\/\/jumpberlin.com\/wp-content\/uploads\/2025\/09\/untitled-design-56.png\",\"datePublished\":\"2025-09-05T07:01:00+00:00\",\"dateModified\":\"2025-09-05T07:41:40+00:00\",\"description\":\"Entdecke Berlin als Wellness-Oase: Von modernen Fitnessstudios \u00fcber ruhige Yogastudios bis hin zu entspannenden Spas. Finde deinen perfekten Ort zum Abschalten und Wohlf\u00fchlen!\",\"breadcrumb\":{\"@id\":\"https:\/\/jumpberlin.com\/entdecke-berlin\/wellness-in-berlin\/#breadcrumb\"},\"inLanguage\":\"de\",\"potentialAction\":[{\"@type\":\"ReadAction\",\"target\":[\"https:\/\/jumpberlin.com\/entdecke-berlin\/wellness-in-berlin\/\"]}]},{\"@type\":\"ImageObject\",\"inLanguage\":\"de\",\"@id\":\"https:\/\/jumpberlin.com\/entdecke-berlin\/wellness-in-berlin\/#primaryimage\",\"url\":\"https:\/\/jumpberlin.com\/wp-content\/uploads\/2025\/09\/untitled-design-56.png\",\"contentUrl\":\"https:\/\/jumpberlin.com\/wp-content\/uploads\/2025\/09\/untitled-design-56.png\",\"width\":1920,\"height\":1920,\"caption\":\"wellness in berlin\"},{\"@type\":\"BreadcrumbList\",\"@id\":\"https:\/\/jumpberlin.com\/entdecke-berlin\/wellness-in-berlin\/#breadcrumb\",\"itemListElement\":[{\"@type\":\"ListItem\",\"position\":1,\"name\":\"Home\",\"item\":\"https:\/\/jumpberlin.com\/entdecke-berlin\/\"},{\"@type\":\"ListItem\",\"position\":2,\"name\":\"Entdecke Berlin!\",\"item\":\"https:\/\/jumpberlin.com\/entdecke-berlin\/\"},{\"@type\":\"ListItem\",\"position\":3,\"name\":\"Wellness in Berlin\"}]},{\"@type\":\"WebSite\",\"@id\":\"https:\/\/jumpberlin.com\/en\/#website\",\"url\":\"https:\/\/jumpberlin.com\/en\/\",\"name\":\"Jump Berlin\",\"description\":\"Berlin City Guide\",\"potentialAction\":[{\"@type\":\"SearchAction\",\"target\":{\"@type\":\"EntryPoint\",\"urlTemplate\":\"https:\/\/jumpberlin.com\/en\/?s={search_term_string}\"},\"query-input\":{\"@type\":\"PropertyValueSpecification\",\"valueRequired\":true,\"valueName\":\"search_term_string\"}}],\"inLanguage\":\"de\"}]}<\/script>\n<!-- \/ Yoast SEO plugin. -->","yoast_head_json":{"title":"Wellness in Berlin - JUMP Berlin","description":"Entdecke Berlin als Wellness-Oase: Von modernen Fitnessstudios \u00fcber ruhige Yogastudios bis hin zu entspannenden Spas. Finde deinen perfekten Ort zum Abschalten und Wohlf\u00fchlen!","robots":{"index":"index","follow":"follow","max-snippet":"max-snippet:-1","max-image-preview":"max-image-preview:large","max-video-preview":"max-video-preview:-1"},"canonical":"https:\/\/jumpberlin.com\/entdecke-berlin\/wellness-in-berlin\/","og_locale":"de_DE","og_type":"article","og_title":"Wellness in Berlin - JUMP Berlin","og_description":"Entdecke Berlin als Wellness-Oase: Von modernen Fitnessstudios \u00fcber ruhige Yogastudios bis hin zu entspannenden Spas. Finde deinen perfekten Ort zum Abschalten und Wohlf\u00fchlen!","og_url":"https:\/\/jumpberlin.com\/entdecke-berlin\/wellness-in-berlin\/","og_site_name":"Jump Berlin","article_publisher":"https:\/\/www.facebook.com\/jumpberlincom","article_modified_time":"2025-09-05T07:41:40+00:00","og_image":[{"width":1024,"height":1024,"url":"https:\/\/jumpberlin.com\/wp-content\/uploads\/2025\/09\/untitled-design-56-1024x1024.png","type":"image\/png"}],"twitter_card":"summary_large_image","twitter_site":"@jumpberlin","twitter_misc":{"Gesch\u00e4tzte Lesezeit":"2\u00a0Minuten"},"schema":{"@context":"https:\/\/schema.org","@graph":[{"@type":"WebPage","@id":"https:\/\/jumpberlin.com\/entdecke-berlin\/wellness-in-berlin\/","url":"https:\/\/jumpberlin.com\/entdecke-berlin\/wellness-in-berlin\/","name":"Wellness in Berlin - JUMP Berlin","isPartOf":{"@id":"https:\/\/jumpberlin.com\/en\/#website"},"primaryImageOfPage":{"@id":"https:\/\/jumpberlin.com\/entdecke-berlin\/wellness-in-berlin\/#primaryimage"},"image":{"@id":"https:\/\/jumpberlin.com\/entdecke-berlin\/wellness-in-berlin\/#primaryimage"},"thumbnailUrl":"https:\/\/jumpberlin.com\/wp-content\/uploads\/2025\/09\/untitled-design-56.png","datePublished":"2025-09-05T07:01:00+00:00","dateModified":"2025-09-05T07:41:40+00:00","description":"Entdecke Berlin als Wellness-Oase: Von modernen Fitnessstudios \u00fcber ruhige Yogastudios bis hin zu entspannenden Spas. Finde deinen perfekten Ort zum Abschalten und Wohlf\u00fchlen!","breadcrumb":{"@id":"https:\/\/jumpberlin.com\/entdecke-berlin\/wellness-in-berlin\/#breadcrumb"},"inLanguage":"de","potentialAction":[{"@type":"ReadAction","target":["https:\/\/jumpberlin.com\/entdecke-berlin\/wellness-in-berlin\/"]}]},{"@type":"ImageObject","inLanguage":"de","@id":"https:\/\/jumpberlin.com\/entdecke-berlin\/wellness-in-berlin\/#primaryimage","url":"https:\/\/jumpberlin.com\/wp-content\/uploads\/2025\/09\/untitled-design-56.png","contentUrl":"https:\/\/jumpberlin.com\/wp-content\/uploads\/2025\/09\/untitled-design-56.png","width":1920,"height":1920,"caption":"wellness in berlin"},{"@type":"BreadcrumbList","@id":"https:\/\/jumpberlin.com\/entdecke-berlin\/wellness-in-berlin\/#breadcrumb","itemListElement":[{"@type":"ListItem","position":1,"name":"Home","item":"https:\/\/jumpberlin.com\/entdecke-berlin\/"},{"@type":"ListItem","position":2,"name":"Entdecke Berlin!","item":"https:\/\/jumpberlin.com\/entdecke-berlin\/"},{"@type":"ListItem","position":3,"name":"Wellness in Berlin"}]},{"@type":"WebSite","@id":"https:\/\/jumpberlin.com\/en\/#website","url":"https:\/\/jumpberlin.com\/en\/","name":"Jump Berlin","description":"Berlin City Guide","potentialAction":[{"@type":"SearchAction","target":{"@type":"EntryPoint","urlTemplate":"https:\/\/jumpberlin.com\/en\/?s={search_term_string}"},"query-input":{"@type":"PropertyValueSpecification","valueRequired":true,"valueName":"search_term_string"}}],"inLanguage":"de"}]}},"_links":{"self":[{"href":"https:\/\/jumpberlin.com\/de\/wp-json\/wp\/v2\/pages\/17370","targetHints":{"allow":["GET"]}}],"collection":[{"href":"https:\/\/jumpberlin.com\/de\/wp-json\/wp\/v2\/pages"}],"about":[{"href":"https:\/\/jumpberlin.com\/de\/wp-json\/wp\/v2\/types\/page"}],"author":[{"embeddable":true,"href":"https:\/\/jumpberlin.com\/de\/wp-json\/wp\/v2\/users\/2"}],"replies":[{"embeddable":true,"href":"https:\/\/jumpberlin.com\/de\/wp-json\/wp\/v2\/comments?post=17370"}],"version-history":[{"count":0,"href":"https:\/\/jumpberlin.com\/de\/wp-json\/wp\/v2\/pages\/17370\/revisions"}],"up":[{"embeddable":true,"href":"https:\/\/jumpberlin.com\/de\/wp-json\/wp\/v2\/pages\/206"}],"wp:featuredmedia":[{"embeddable":true,"href":"https:\/\/jumpberlin.com\/de\/wp-json\/wp\/v2\/media\/17372"}],"wp:attachment":[{"href":"https:\/\/jumpberlin.com\/de\/wp-json\/wp\/v2\/media?parent=17370"}],"curies":[{"name":"wp","href":"https:\/\/api.w.org\/{rel}","templated":true}]}}