{"id":17955,"date":"2025-10-03T09:19:51","date_gmt":"2025-10-03T09:19:51","guid":{"rendered":"https:\/\/jumpberlin.com\/?page_id=17955"},"modified":"2025-10-03T13:13:38","modified_gmt":"2025-10-03T13:13:38","slug":"ueber-uns","status":"publish","type":"page","link":"https:\/\/jumpberlin.com\/de\/ueber-uns\/","title":{"rendered":"\u00dcber uns"},"content":{"rendered":"<h2 class=\"ds-markdown-paragraph\">Willkommen bei JumpBerlin \u2013 Berlins ultimativem digitalen Reisef\u00fchrer<\/h2>\n<p class=\"ds-markdown-paragraph\">JumpBerlin ist Berlins detailliertester und zuverl\u00e4ssigster Guide, sorgf\u00e4ltig zusammengestellt von unserem Team lokaler Experten. Wir besuchen pers\u00f6nlich Hunderte von Orten in Berlin, erleben sie und erstellen Bewertungen, um Ihnen die umfassendsten und vertrauensw\u00fcrdigsten Informationen zu liefern.<\/p>\n<h2 data-start=\"0\" data-end=\"61\">Wer wir sind<\/h2>\n<p data-start=\"0\" data-end=\"61\"><strong data-start=\"20\" data-end=\"61\">Deine professionellen Berlin-Guides<\/strong><\/p>\n<p data-start=\"63\" data-end=\"399\" data-is-last-node=\"\" data-is-only-node=\"\">Wir sind ein engagiertes Team aus Berlin-Liebhabern und professionellen Testern, die diese Stadt leben und atmen. Anders als bei nutzergenerierten Plattformen wird jede Bewertung auf <strong data-start=\"246\" data-end=\"261\">Jump Berlin<\/strong> sorgf\u00e4ltig recherchiert und von unserem Expertenteam verfasst \u2013 f\u00fcr Qualit\u00e4t, Genauigkeit und Tiefgang, auf die du dich verlassen kannst.<\/p>\n<h2 data-start=\"0\" data-end=\"11\">Was wir tun<\/h2>\n<p data-start=\"13\" data-end=\"197\">Wir sind mehr als nur eine Bewertungsseite. <strong data-start=\"57\" data-end=\"72\">Jump Berlin<\/strong> ist eine von der Community getragene Plattform, die dir hilft, bessere Entscheidungen zu treffen, wenn es um Folgendes geht:<\/p>\n<ul>\n<li data-start=\"199\" data-end=\"255\"><strong data-start=\"203\" data-end=\"222\">Essen &amp; Trinken<\/strong> \u2013 Restaurants, Bars, Street Food<\/li>\n<li data-start=\"199\" data-end=\"255\"><strong style=\"color: inherit; font-family: inherit; font-size: inherit;\" data-start=\"260\" data-end=\"284\">Hotels &amp; Unterk\u00fcnfte<\/strong><span style=\"color: inherit; font-family: inherit; font-size: inherit;\"> \u2013 von Luxus bis Budget<\/span><\/li>\n<li data-start=\"199\" data-end=\"255\"><strong style=\"color: inherit; font-family: inherit; font-size: inherit;\" data-start=\"312\" data-end=\"331\">Wellness &amp; Spas<\/strong><span style=\"color: inherit; font-family: inherit; font-size: inherit;\"> \u2013 Orte f\u00fcr Entspannung und Sch\u00f6nheit<\/span><strong style=\"color: inherit; font-family: inherit; font-size: inherit;\" data-start=\"374\" data-end=\"392\">Fitness &amp; Gyms<\/strong><span style=\"color: inherit; font-family: inherit; font-size: inherit;\"> \u2013 Studios und Trainingsr\u00e4ume<\/span><\/li>\n<li data-start=\"199\" data-end=\"255\"><strong style=\"color: inherit; font-family: inherit; font-size: inherit;\" data-start=\"427\" data-end=\"452\">Flohm\u00e4rkte &amp; Shopping<\/strong><span style=\"color: inherit; font-family: inherit; font-size: inherit;\"> \u2013 lokale Sch\u00e4tze und Vintage-Funde<\/span><\/li>\n<li data-start=\"199\" data-end=\"255\"><strong style=\"color: inherit; font-family: inherit; font-size: inherit;\" data-start=\"492\" data-end=\"518\">Nachtleben &amp; Livemusik<\/strong><span style=\"color: inherit; font-family: inherit; font-size: inherit;\"> \u2013 Clubs, Bars, Konzerte<\/span><\/li>\n<li data-start=\"199\" data-end=\"255\"><strong style=\"color: inherit; font-family: inherit; font-size: inherit;\" data-start=\"547\" data-end=\"570\">Kultur &amp; Erlebnisse<\/strong><span style=\"color: inherit; font-family: inherit; font-size: inherit;\"> \u2013 Museen, Events, versteckte Highlights<\/span><\/li>\n<\/ul>\n<p data-start=\"612\" data-end=\"783\" data-is-last-node=\"\" data-is-only-node=\"\">Wir bieten authentische Bewertungen, nutzergenerierte Erfahrungen und Fotogalerien, die dir einen echten Eindruck von jedem Ort vermitteln\u00a0 keine blo\u00dfen Werbeversprechen.<\/p>\n<h2 data-start=\"0\" data-end=\"79\">Was uns unterscheidet:<\/h2>\n<p data-start=\"0\" data-end=\"79\"><strong data-start=\"25\" data-end=\"79\">Kuratiert statt Chaos \u2013 Qualit\u00e4t statt Quantit\u00e4t<\/strong><\/p>\n<ul>\n<li data-start=\"81\" data-end=\"429\"><strong data-start=\"83\" data-end=\"103\">Expertenberichte<\/strong> \u2013 Keine anonymen, unzuverl\u00e4ssigen Nutzerbewertungen<\/li>\n<li data-start=\"81\" data-end=\"429\"><strong data-start=\"160\" data-end=\"182\">Konstante Qualit\u00e4t<\/strong> \u2013 Einheitlich hohe Standards in allen Kategorien<\/li>\n<li data-start=\"81\" data-end=\"429\"><strong data-start=\"236\" data-end=\"261\">Detaillierte Analysen<\/strong> \u2013 Mehr als nur Sternebewertungen<\/li>\n<li data-start=\"81\" data-end=\"429\"><strong data-start=\"299\" data-end=\"322\">Berlin-Spezialisten<\/strong> \u2013 Wir kennen diese Stadt in- und auswendig<\/li>\n<li data-start=\"81\" data-end=\"429\"><strong data-start=\"370\" data-end=\"387\">Immer aktuell<\/strong> \u2013 Regelm\u00e4\u00dfige Updates und Besuche vor Ort<\/li>\n<\/ul>\n<h2 data-start=\"0\" data-end=\"57\">Community-Engagement<\/h2>\n<p data-start=\"0\" data-end=\"57\"><strong data-start=\"28\" data-end=\"57\">Deine Stimme z\u00e4hlt auch<\/strong><\/p>\n<p data-start=\"59\" data-end=\"153\">Auch wenn unser Expertenteam die Hauptbewertungen verfasst, sind uns deine Erlebnisse wichtig:<\/p>\n<ul>\n<li data-start=\"155\" data-end=\"357\">Lies unsere professionellen Reviews<\/li>\n<li data-start=\"155\" data-end=\"357\">Teile deine pers\u00f6nlichen Erfahrungen in den Kommentaren<\/li>\n<li data-start=\"155\" data-end=\"357\">Schlage neue Orte vor, die wir bewerten sollen<\/li>\n<li data-start=\"155\" data-end=\"357\">Folge uns f\u00fcr regelm\u00e4\u00dfige Berlin-Entdeckungen<\/li>\n<\/ul>\n<h2 data-start=\"0\" data-end=\"70\">Unsere Mission<\/h2>\n<p data-start=\"0\" data-end=\"70\"><strong data-start=\"22\" data-end=\"70\">Berlins vertrauensw\u00fcrdigster Guide zu sein<\/strong><\/p>\n<p data-start=\"72\" data-end=\"161\">In einer Stadt voller M\u00f6glichkeiten sorgen wir f\u00fcr \u00dcberblick. Unsere Mission ist einfach:<\/p>\n<ul>\n<li data-start=\"163\" data-end=\"373\">Zuverl\u00e4ssige und detaillierte Informationen liefern<\/li>\n<li data-start=\"163\" data-end=\"373\">Dir Zeit und Entt\u00e4uschungen ersparen<\/li>\n<li data-start=\"163\" data-end=\"373\">Dir helfen, das Beste von Berlin zu entdecken<\/li>\n<li data-start=\"163\" data-end=\"373\">Die h\u00f6chsten Standards bei Bewertungen wahren<\/li>\n<\/ul>\n<h2 data-start=\"0\" data-end=\"65\">Warum JumpBerlin<\/h2>\n<p data-start=\"0\" data-end=\"65\"><strong data-start=\"24\" data-end=\"65\">Der smarte Weg, Berlin zu entdecken<\/strong><\/p>\n<ul>\n<li data-start=\"67\" data-end=\"452\"><strong data-start=\"70\" data-end=\"100\">Professionelle Bewertungen<\/strong> \u2013 Von Experten geschrieben, nicht von zuf\u00e4lligen Nutzern<\/li>\n<li data-start=\"67\" data-end=\"452\"><strong data-start=\"163\" data-end=\"187\">Umfassende Abdeckung<\/strong> \u2013 \u00dcber 50 Kategorien und stetig wachsend<\/li>\n<li data-start=\"67\" data-end=\"452\"><strong data-start=\"234\" data-end=\"254\">Lokale Expertise<\/strong> \u2013 Unser Fokus liegt ausschlie\u00dflich auf Berlin<\/li>\n<li data-start=\"67\" data-end=\"452\"><strong data-start=\"306\" data-end=\"323\">Zeitersparnis<\/strong> \u2013 Kein Durchforsten endloser, zweifelhafter Rezensionen mehr<\/li>\n<li data-start=\"67\" data-end=\"452\"><strong data-start=\"390\" data-end=\"407\">Immer aktuell<\/strong> \u2013 Berlin ver\u00e4ndert sich \u2013 wir bleiben dran<\/li>\n<\/ul>\n<h2 data-start=\"459\" data-end=\"538\">Werde Teil unserer Community<\/h2>\n<p data-start=\"459\" data-end=\"538\"><strong data-start=\"495\" data-end=\"538\">Sei Teil von Berlins Entdeckungsreise\u201c<\/strong><\/p>\n<p data-start=\"540\" data-end=\"610\" data-is-last-node=\"\" data-is-only-node=\"\"><em data-start=\"540\" data-end=\"610\" data-is-last-node=\"\">Entdecke Berlin durch die Augen derjenigen, die es am besten kennen.<\/em><\/p>\n<p>Solltet Ihr Fragen oder Anmerkungen zu\u00a0<strong>JUMP<\/strong>\u00a0oder einem unserer Artikel haben, z\u00f6gert nicht uns zu kontaktieren, wir nehmen uns Zeit f\u00fcr Euch!<\/p>\n<p>Schick uns dazu einfach eine Mail an\u00a0<strong>info@jumpberlin.com<\/strong>\u00a0!<\/p>\n<p>Die\u00a0<strong>JUMP Berlin<\/strong>\u00a0Redaktion<\/p>\n","protected":false},"excerpt":{"rendered":"<p>Willkommen bei JumpBerlin \u2013 Berlins ultimativem digitalen Reisef\u00fchrer JumpBerlin ist Berlins detailliertester und zuverl\u00e4ssigster Guide, sorgf\u00e4ltig zusammengestellt von unserem Team lokaler Experten. Wir besuchen pers\u00f6nlich Hunderte von Orten in Berlin, erleben sie und erstellen Bewertungen, um Ihnen die umfassendsten und vertrauensw\u00fcrdigsten Informationen zu liefern. Wer wir sind Deine professionellen Berlin-Guides Wir sind ein engagiertes Team [&hellip;]<\/p>\n","protected":false},"author":2,"featured_media":17958,"parent":0,"menu_order":0,"comment_status":"closed","ping_status":"closed","template":"","meta":{"footnotes":""},"class_list":["post-17955","page","type-page","status-publish","has-post-thumbnail","hentry"],"yoast_head":"<!-- This site is optimized with the Yoast SEO plugin v27.2 - https:\/\/yoast.com\/product\/yoast-seo-wordpress\/ -->\n<title>\u00dcber uns | Jump Berlin<\/title>\n<meta name=\"robots\" content=\"index, follow, max-snippet:-1, max-image-preview:large, max-video-preview:-1\" \/>\n<link rel=\"canonical\" href=\"https:\/\/jumpberlin.com\/ueber-uns\/\" \/>\n<meta property=\"og:locale\" content=\"de_DE\" \/>\n<meta property=\"og:type\" content=\"article\" \/>\n<meta property=\"og:title\" content=\"\u00dcber uns | Jump Berlin\" \/>\n<meta property=\"og:description\" content=\"Willkommen bei JumpBerlin \u2013 Berlins ultimativem digitalen Reisef\u00fchrer JumpBerlin ist Berlins detailliertester und zuverl\u00e4ssigster Guide, sorgf\u00e4ltig zusammengestellt von unserem Team lokaler Experten. Wir besuchen pers\u00f6nlich Hunderte von Orten in Berlin, erleben sie und erstellen Bewertungen, um Ihnen die umfassendsten und vertrauensw\u00fcrdigsten Informationen zu liefern. Wer wir sind Deine professionellen Berlin-Guides Wir sind ein engagiertes Team [&hellip;]\" \/>\n<meta property=\"og:url\" content=\"https:\/\/jumpberlin.com\/ueber-uns\/\" \/>\n<meta property=\"og:site_name\" content=\"Jump Berlin\" \/>\n<meta property=\"article:publisher\" content=\"https:\/\/www.facebook.com\/jumpberlincom\" \/>\n<meta property=\"article:modified_time\" content=\"2025-10-03T13:13:38+00:00\" \/>\n<meta property=\"og:image\" content=\"https:\/\/jumpberlin.com\/wp-content\/uploads\/2025\/10\/untitled-design-2.png\" \/>\n\t<meta property=\"og:image:width\" content=\"1240\" \/>\n\t<meta property=\"og:image:height\" content=\"800\" \/>\n\t<meta property=\"og:image:type\" content=\"image\/png\" \/>\n<meta name=\"twitter:card\" content=\"summary_large_image\" \/>\n<meta name=\"twitter:site\" content=\"@jumpberlin\" \/>\n<meta name=\"twitter:label1\" content=\"Gesch\u00e4tzte Lesezeit\" \/>\n\t<meta name=\"twitter:data1\" content=\"3\u00a0Minuten\" \/>\n<script type=\"application\/ld+json\" class=\"yoast-schema-graph\">{\"@context\":\"https:\/\/schema.org\",\"@graph\":[{\"@type\":\"WebPage\",\"@id\":\"https:\/\/jumpberlin.com\/ueber-uns\/\",\"url\":\"https:\/\/jumpberlin.com\/ueber-uns\/\",\"name\":\"\u00dcber uns | Jump Berlin\",\"isPartOf\":{\"@id\":\"https:\/\/jumpberlin.com\/en\/#website\"},\"primaryImageOfPage\":{\"@id\":\"https:\/\/jumpberlin.com\/ueber-uns\/#primaryimage\"},\"image\":{\"@id\":\"https:\/\/jumpberlin.com\/ueber-uns\/#primaryimage\"},\"thumbnailUrl\":\"https:\/\/jumpberlin.com\/wp-content\/uploads\/2025\/10\/untitled-design-2.png\",\"datePublished\":\"2025-10-03T09:19:51+00:00\",\"dateModified\":\"2025-10-03T13:13:38+00:00\",\"breadcrumb\":{\"@id\":\"https:\/\/jumpberlin.com\/ueber-uns\/#breadcrumb\"},\"inLanguage\":\"de\",\"potentialAction\":[{\"@type\":\"ReadAction\",\"target\":[\"https:\/\/jumpberlin.com\/ueber-uns\/\"]}]},{\"@type\":\"ImageObject\",\"inLanguage\":\"de\",\"@id\":\"https:\/\/jumpberlin.com\/ueber-uns\/#primaryimage\",\"url\":\"https:\/\/jumpberlin.com\/wp-content\/uploads\/2025\/10\/untitled-design-2.png\",\"contentUrl\":\"https:\/\/jumpberlin.com\/wp-content\/uploads\/2025\/10\/untitled-design-2.png\",\"width\":1240,\"height\":800},{\"@type\":\"BreadcrumbList\",\"@id\":\"https:\/\/jumpberlin.com\/ueber-uns\/#breadcrumb\",\"itemListElement\":[{\"@type\":\"ListItem\",\"position\":1,\"name\":\"Home\",\"item\":\"https:\/\/jumpberlin.com\/entdecke-berlin\/\"},{\"@type\":\"ListItem\",\"position\":2,\"name\":\"\u00dcber uns\"}]},{\"@type\":\"WebSite\",\"@id\":\"https:\/\/jumpberlin.com\/en\/#website\",\"url\":\"https:\/\/jumpberlin.com\/en\/\",\"name\":\"Jump Berlin\",\"description\":\"Berlin City Guide\",\"potentialAction\":[{\"@type\":\"SearchAction\",\"target\":{\"@type\":\"EntryPoint\",\"urlTemplate\":\"https:\/\/jumpberlin.com\/en\/?s={search_term_string}\"},\"query-input\":{\"@type\":\"PropertyValueSpecification\",\"valueRequired\":true,\"valueName\":\"search_term_string\"}}],\"inLanguage\":\"de\"}]}<\/script>\n<!-- \/ Yoast SEO plugin. -->","yoast_head_json":{"title":"\u00dcber uns | Jump Berlin","robots":{"index":"index","follow":"follow","max-snippet":"max-snippet:-1","max-image-preview":"max-image-preview:large","max-video-preview":"max-video-preview:-1"},"canonical":"https:\/\/jumpberlin.com\/ueber-uns\/","og_locale":"de_DE","og_type":"article","og_title":"\u00dcber uns | Jump Berlin","og_description":"Willkommen bei JumpBerlin \u2013 Berlins ultimativem digitalen Reisef\u00fchrer JumpBerlin ist Berlins detailliertester und zuverl\u00e4ssigster Guide, sorgf\u00e4ltig zusammengestellt von unserem Team lokaler Experten. Wir besuchen pers\u00f6nlich Hunderte von Orten in Berlin, erleben sie und erstellen Bewertungen, um Ihnen die umfassendsten und vertrauensw\u00fcrdigsten Informationen zu liefern. Wer wir sind Deine professionellen Berlin-Guides Wir sind ein engagiertes Team [&hellip;]","og_url":"https:\/\/jumpberlin.com\/ueber-uns\/","og_site_name":"Jump Berlin","article_publisher":"https:\/\/www.facebook.com\/jumpberlincom","article_modified_time":"2025-10-03T13:13:38+00:00","og_image":[{"width":1240,"height":800,"url":"https:\/\/jumpberlin.com\/wp-content\/uploads\/2025\/10\/untitled-design-2.png","type":"image\/png"}],"twitter_card":"summary_large_image","twitter_site":"@jumpberlin","twitter_misc":{"Gesch\u00e4tzte Lesezeit":"3\u00a0Minuten"},"schema":{"@context":"https:\/\/schema.org","@graph":[{"@type":"WebPage","@id":"https:\/\/jumpberlin.com\/ueber-uns\/","url":"https:\/\/jumpberlin.com\/ueber-uns\/","name":"\u00dcber uns | Jump Berlin","isPartOf":{"@id":"https:\/\/jumpberlin.com\/en\/#website"},"primaryImageOfPage":{"@id":"https:\/\/jumpberlin.com\/ueber-uns\/#primaryimage"},"image":{"@id":"https:\/\/jumpberlin.com\/ueber-uns\/#primaryimage"},"thumbnailUrl":"https:\/\/jumpberlin.com\/wp-content\/uploads\/2025\/10\/untitled-design-2.png","datePublished":"2025-10-03T09:19:51+00:00","dateModified":"2025-10-03T13:13:38+00:00","breadcrumb":{"@id":"https:\/\/jumpberlin.com\/ueber-uns\/#breadcrumb"},"inLanguage":"de","potentialAction":[{"@type":"ReadAction","target":["https:\/\/jumpberlin.com\/ueber-uns\/"]}]},{"@type":"ImageObject","inLanguage":"de","@id":"https:\/\/jumpberlin.com\/ueber-uns\/#primaryimage","url":"https:\/\/jumpberlin.com\/wp-content\/uploads\/2025\/10\/untitled-design-2.png","contentUrl":"https:\/\/jumpberlin.com\/wp-content\/uploads\/2025\/10\/untitled-design-2.png","width":1240,"height":800},{"@type":"BreadcrumbList","@id":"https:\/\/jumpberlin.com\/ueber-uns\/#breadcrumb","itemListElement":[{"@type":"ListItem","position":1,"name":"Home","item":"https:\/\/jumpberlin.com\/entdecke-berlin\/"},{"@type":"ListItem","position":2,"name":"\u00dcber uns"}]},{"@type":"WebSite","@id":"https:\/\/jumpberlin.com\/en\/#website","url":"https:\/\/jumpberlin.com\/en\/","name":"Jump Berlin","description":"Berlin City Guide","potentialAction":[{"@type":"SearchAction","target":{"@type":"EntryPoint","urlTemplate":"https:\/\/jumpberlin.com\/en\/?s={search_term_string}"},"query-input":{"@type":"PropertyValueSpecification","valueRequired":true,"valueName":"search_term_string"}}],"inLanguage":"de"}]}},"_links":{"self":[{"href":"https:\/\/jumpberlin.com\/de\/wp-json\/wp\/v2\/pages\/17955","targetHints":{"allow":["GET"]}}],"collection":[{"href":"https:\/\/jumpberlin.com\/de\/wp-json\/wp\/v2\/pages"}],"about":[{"href":"https:\/\/jumpberlin.com\/de\/wp-json\/wp\/v2\/types\/page"}],"author":[{"embeddable":true,"href":"https:\/\/jumpberlin.com\/de\/wp-json\/wp\/v2\/users\/2"}],"replies":[{"embeddable":true,"href":"https:\/\/jumpberlin.com\/de\/wp-json\/wp\/v2\/comments?post=17955"}],"version-history":[{"count":0,"href":"https:\/\/jumpberlin.com\/de\/wp-json\/wp\/v2\/pages\/17955\/revisions"}],"wp:featuredmedia":[{"embeddable":true,"href":"https:\/\/jumpberlin.com\/de\/wp-json\/wp\/v2\/media\/17958"}],"wp:attachment":[{"href":"https:\/\/jumpberlin.com\/de\/wp-json\/wp\/v2\/media?parent=17955"}],"curies":[{"name":"wp","href":"https:\/\/api.w.org\/{rel}","templated":true}]}}