{"id":17964,"date":"2025-10-03T13:22:41","date_gmt":"2025-10-03T13:22:41","guid":{"rendered":"https:\/\/jumpberlin.com\/?page_id=17964"},"modified":"2025-10-03T13:22:41","modified_gmt":"2025-10-03T13:22:41","slug":"kontakt","status":"publish","type":"page","link":"https:\/\/jumpberlin.com\/de\/kontakt\/","title":{"rendered":"Kontakt"},"content":{"rendered":"<p>Wir freuen uns \u00fcber Ihre Nachricht! Ob Fragen, Feedback oder Vorschl\u00e4ge f\u00fcr neue Locations und Events \u2013 unser Team hilft Ihnen gerne weiter.<\/p>\n<p>Allgemeine Anfragen<\/p>\n<p>\ud83d\udce9 <strong>E-Mail: info@jumpberlin.com<\/strong><\/p>\n<p>\ud83d\udccd <strong>Adresse: Bergmannstr. 68, 10961 Berlin, Deutschland<\/strong><\/p>\n<h2>Eintrag vorschlagen<\/h2>\n<p>Sie betreiben ein Restaurant, eine Bar, einen Club oder eine Kultur-Location in Berlin?<br \/>\nWir suchen immer nach spannenden Orten f\u00fcr Jump Berlin.<br \/>\n\ud83d\udc49 Senden Sie uns Ihre Informationen per E-Mail, und unser Redaktionsteam setzt sich mit Ihnen in Verbindung.<\/p>\n<h2>Werbung &amp; Kooperationen<\/h2>\n<p>M\u00f6chten Sie Ihr Unternehmen bewerben oder eine gesponserte Platzierung auf Jump Berlin buchen?<br \/>\nBitte kontaktieren Sie uns unter <strong>info@jumpberlin.com<\/strong><br \/>\nmit dem Betreff \u201e<strong>Kooperation<\/strong>\u201c.<\/p>\n","protected":false},"excerpt":{"rendered":"<p>Wir freuen uns \u00fcber Ihre Nachricht! Ob Fragen, Feedback oder Vorschl\u00e4ge f\u00fcr neue Locations und Events \u2013 unser Team hilft Ihnen gerne weiter. Allgemeine Anfragen \ud83d\udce9 E-Mail: info@jumpberlin.com \ud83d\udccd Adresse: Bergmannstr. 68, 10961 Berlin, Deutschland Eintrag vorschlagen Sie betreiben ein Restaurant, eine Bar, einen Club oder eine Kultur-Location in Berlin? Wir suchen immer nach spannenden [&hellip;]<\/p>\n","protected":false},"author":2,"featured_media":0,"parent":0,"menu_order":0,"comment_status":"closed","ping_status":"closed","template":"","meta":{"footnotes":""},"class_list":["post-17964","page","type-page","status-publish","hentry"],"yoast_head":"<!-- This site is optimized with the Yoast SEO plugin v27.2 - https:\/\/yoast.com\/product\/yoast-seo-wordpress\/ -->\n<title>Kontakt | Jump Berlin<\/title>\n<meta name=\"robots\" content=\"index, follow, max-snippet:-1, max-image-preview:large, max-video-preview:-1\" \/>\n<link rel=\"canonical\" href=\"https:\/\/jumpberlin.com\/kontakt\/\" \/>\n<meta property=\"og:locale\" content=\"de_DE\" \/>\n<meta property=\"og:type\" content=\"article\" \/>\n<meta property=\"og:title\" content=\"Kontakt | Jump Berlin\" \/>\n<meta property=\"og:description\" content=\"Wir freuen uns \u00fcber Ihre Nachricht! Ob Fragen, Feedback oder Vorschl\u00e4ge f\u00fcr neue Locations und Events \u2013 unser Team hilft Ihnen gerne weiter. Allgemeine Anfragen \ud83d\udce9 E-Mail: info@jumpberlin.com \ud83d\udccd Adresse: Bergmannstr. 68, 10961 Berlin, Deutschland Eintrag vorschlagen Sie betreiben ein Restaurant, eine Bar, einen Club oder eine Kultur-Location in Berlin? Wir suchen immer nach spannenden [&hellip;]\" \/>\n<meta property=\"og:url\" content=\"https:\/\/jumpberlin.com\/kontakt\/\" \/>\n<meta property=\"og:site_name\" content=\"Jump Berlin\" \/>\n<meta property=\"article:publisher\" content=\"https:\/\/www.facebook.com\/jumpberlincom\" \/>\n<meta name=\"twitter:card\" content=\"summary_large_image\" \/>\n<meta name=\"twitter:site\" content=\"@jumpberlin\" \/>\n<meta name=\"twitter:label1\" content=\"Gesch\u00e4tzte Lesezeit\" \/>\n\t<meta name=\"twitter:data1\" content=\"1\u00a0Minute\" \/>\n<script type=\"application\/ld+json\" class=\"yoast-schema-graph\">{\"@context\":\"https:\/\/schema.org\",\"@graph\":[{\"@type\":\"WebPage\",\"@id\":\"https:\/\/jumpberlin.com\/kontakt\/\",\"url\":\"https:\/\/jumpberlin.com\/kontakt\/\",\"name\":\"Kontakt | Jump Berlin\",\"isPartOf\":{\"@id\":\"https:\/\/jumpberlin.com\/en\/#website\"},\"datePublished\":\"2025-10-03T13:22:41+00:00\",\"breadcrumb\":{\"@id\":\"https:\/\/jumpberlin.com\/kontakt\/#breadcrumb\"},\"inLanguage\":\"de\",\"potentialAction\":[{\"@type\":\"ReadAction\",\"target\":[\"https:\/\/jumpberlin.com\/kontakt\/\"]}]},{\"@type\":\"BreadcrumbList\",\"@id\":\"https:\/\/jumpberlin.com\/kontakt\/#breadcrumb\",\"itemListElement\":[{\"@type\":\"ListItem\",\"position\":1,\"name\":\"Home\",\"item\":\"https:\/\/jumpberlin.com\/entdecke-berlin\/\"},{\"@type\":\"ListItem\",\"position\":2,\"name\":\"Kontakt\"}]},{\"@type\":\"WebSite\",\"@id\":\"https:\/\/jumpberlin.com\/en\/#website\",\"url\":\"https:\/\/jumpberlin.com\/en\/\",\"name\":\"Jump Berlin\",\"description\":\"Berlin City Guide\",\"potentialAction\":[{\"@type\":\"SearchAction\",\"target\":{\"@type\":\"EntryPoint\",\"urlTemplate\":\"https:\/\/jumpberlin.com\/en\/?s={search_term_string}\"},\"query-input\":{\"@type\":\"PropertyValueSpecification\",\"valueRequired\":true,\"valueName\":\"search_term_string\"}}],\"inLanguage\":\"de\"}]}<\/script>\n<!-- \/ Yoast SEO plugin. -->","yoast_head_json":{"title":"Kontakt | Jump Berlin","robots":{"index":"index","follow":"follow","max-snippet":"max-snippet:-1","max-image-preview":"max-image-preview:large","max-video-preview":"max-video-preview:-1"},"canonical":"https:\/\/jumpberlin.com\/kontakt\/","og_locale":"de_DE","og_type":"article","og_title":"Kontakt | Jump Berlin","og_description":"Wir freuen uns \u00fcber Ihre Nachricht! Ob Fragen, Feedback oder Vorschl\u00e4ge f\u00fcr neue Locations und Events \u2013 unser Team hilft Ihnen gerne weiter. Allgemeine Anfragen \ud83d\udce9 E-Mail: info@jumpberlin.com \ud83d\udccd Adresse: Bergmannstr. 68, 10961 Berlin, Deutschland Eintrag vorschlagen Sie betreiben ein Restaurant, eine Bar, einen Club oder eine Kultur-Location in Berlin? Wir suchen immer nach spannenden [&hellip;]","og_url":"https:\/\/jumpberlin.com\/kontakt\/","og_site_name":"Jump Berlin","article_publisher":"https:\/\/www.facebook.com\/jumpberlincom","twitter_card":"summary_large_image","twitter_site":"@jumpberlin","twitter_misc":{"Gesch\u00e4tzte Lesezeit":"1\u00a0Minute"},"schema":{"@context":"https:\/\/schema.org","@graph":[{"@type":"WebPage","@id":"https:\/\/jumpberlin.com\/kontakt\/","url":"https:\/\/jumpberlin.com\/kontakt\/","name":"Kontakt | Jump Berlin","isPartOf":{"@id":"https:\/\/jumpberlin.com\/en\/#website"},"datePublished":"2025-10-03T13:22:41+00:00","breadcrumb":{"@id":"https:\/\/jumpberlin.com\/kontakt\/#breadcrumb"},"inLanguage":"de","potentialAction":[{"@type":"ReadAction","target":["https:\/\/jumpberlin.com\/kontakt\/"]}]},{"@type":"BreadcrumbList","@id":"https:\/\/jumpberlin.com\/kontakt\/#breadcrumb","itemListElement":[{"@type":"ListItem","position":1,"name":"Home","item":"https:\/\/jumpberlin.com\/entdecke-berlin\/"},{"@type":"ListItem","position":2,"name":"Kontakt"}]},{"@type":"WebSite","@id":"https:\/\/jumpberlin.com\/en\/#website","url":"https:\/\/jumpberlin.com\/en\/","name":"Jump Berlin","description":"Berlin City Guide","potentialAction":[{"@type":"SearchAction","target":{"@type":"EntryPoint","urlTemplate":"https:\/\/jumpberlin.com\/en\/?s={search_term_string}"},"query-input":{"@type":"PropertyValueSpecification","valueRequired":true,"valueName":"search_term_string"}}],"inLanguage":"de"}]}},"_links":{"self":[{"href":"https:\/\/jumpberlin.com\/de\/wp-json\/wp\/v2\/pages\/17964","targetHints":{"allow":["GET"]}}],"collection":[{"href":"https:\/\/jumpberlin.com\/de\/wp-json\/wp\/v2\/pages"}],"about":[{"href":"https:\/\/jumpberlin.com\/de\/wp-json\/wp\/v2\/types\/page"}],"author":[{"embeddable":true,"href":"https:\/\/jumpberlin.com\/de\/wp-json\/wp\/v2\/users\/2"}],"replies":[{"embeddable":true,"href":"https:\/\/jumpberlin.com\/de\/wp-json\/wp\/v2\/comments?post=17964"}],"version-history":[{"count":0,"href":"https:\/\/jumpberlin.com\/de\/wp-json\/wp\/v2\/pages\/17964\/revisions"}],"wp:attachment":[{"href":"https:\/\/jumpberlin.com\/de\/wp-json\/wp\/v2\/media?parent=17964"}],"curies":[{"name":"wp","href":"https:\/\/api.w.org\/{rel}","templated":true}]}}